{"id":36,"date":"2014-09-24T13:09:40","date_gmt":"2014-09-24T13:09:40","guid":{"rendered":"http:\/\/demos.artbees.net\/jupiter5\/sponde\/?page_id=36"},"modified":"2020-10-11T09:10:31","modified_gmt":"2020-10-11T09:10:31","slug":"home","status":"publish","type":"page","link":"https:\/\/www.immozeichner.de\/","title":{"rendered":"Startseite"},"content":{"rendered":"[vc_row][vc_column][mk_padding_divider][\/vc_column][\/vc_row][vc_row fullwidth=&#8220;true&#8220; attached=&#8220;true&#8220; padding=&#8220;0&#8243;][vc_column][mk_edge_slider swiper_bg=&#8220;#000000&#8243; orderby=&#8220;menu_order&#8220; full_height=&#8220;false&#8220; height=&#8220;600&#8243; slideshow_speed=&#8220;8000&#8243; pagination=&#8220;small_dot_stroke&#8220; skip_arrow=&#8220;false&#8220; slides=&#8220;5779, 5782&#8243;][\/vc_column][\/vc_row][vc_row fullwidth=&#8220;true&#8220; attached=&#8220;true&#8220; padding=&#8220;0&#8243;][vc_column][mk_fancy_title tag_name=&#8220;h3&#8243; color=&#8220;#000000&#8243; size=&#8220;32&#8243; margin_top=&#8220;80&#8243; font_family=&#8220;none&#8220; align=&#8220;center&#8220;]Unsere Leistungen im \u00dcberblick[\/mk_fancy_title][mk_fancy_title tag_name=&#8220;h4&#8243; color=&#8220;#000000&#8243; size=&#8220;20&#8243; font_weight=&#8220;300&#8243; font_family=&#8220;none&#8220; align=&#8220;center&#8220;]Wir visualisieren Ihre Immobilie &#8211; stilvoll, ausdrucksstark und repr\u00e4sentativ.[\/mk_fancy_title][vc_row_inner attached=&#8220;true&#8220; is_fullwidth_content=&#8220;false&#8220; column_padding=&#8220;1&#8243; css=&#8220;.vc_custom_1486072254658{padding-top: 0px !important;padding-right: 0px !important;padding-bottom: 0px !important;padding-left: 0px !important;}&#8220;][vc_column_inner width=&#8220;1\/4&#8243;][mk_flipbox front_background_color=&#8220;#95bb20&#8243; back_background_color=&#8220;#3e494f&#8220; image=&#8220;https:\/\/www.immozeichner.de\/wp-content\/uploads\/2014\/09\/IMG_5133_komp.jpg&#8220; front_title=&#8220;2D-Visualisierungen&#8220; front_title_color=&#8220;#ffffff&#8220; back_title=&#8220;2D-Visualisierungen&#8220; back_title_color=&#8220;#ffffff&#8220; back_desc=&#8220;Wir gestalten hochwertige 2D-Grundrisse und 2D-Ansichten f\u00fcr Ihr Expos\u00e9 oder Ihren Internetauftritt.&#8220; back_desc_size=&#8220;16&#8243; back_desc_color=&#8220;#ffffff&#8220; button_url=&#8220;https:\/\/www.immozeichner.de\/?page_id=6184&#8243; button_text=&#8220;Mehr erfahren&#8220; button_bg_color=&#8220;#95bb22&#8243; button_bg_hover_color=&#8220;#bababa&#8220;][\/vc_column_inner][vc_column_inner width=&#8220;1\/4&#8243;][mk_flipbox front_background_color=&#8220;#95bb20&#8243; back_background_color=&#8220;#3e494f&#8220; image=&#8220;https:\/\/www.immozeichner.de\/wp-content\/uploads\/2016\/08\/3D-Ansicht_1-Martinsweg-Ammersee_Garten_Immozeichner.jpg&#8220; front_title=&#8220;3D-Visualisierungen&#8220; front_title_color=&#8220;#ffffff&#8220; back_title=&#8220;3D-Visualisierungen&#8220; back_title_color=&#8220;#ffffff&#8220; back_desc=&#8220;Erstklassige 3D-Ansichten, Exterior-Renderings und detaillierte 3D-Grundrisse geh\u00f6ren zu unseren Kernkompetenzen.&#8220; back_desc_size=&#8220;16&#8243; back_desc_color=&#8220;#ffffff&#8220; button_url=&#8220;https:\/\/www.immozeichner.de\/?page_id=6188&#8243; button_text=&#8220;Mehr erfahren&#8220; button_bg_color=&#8220;#95bb22&#8243; button_bg_hover_color=&#8220;#bababa&#8220;][\/vc_column_inner][vc_column_inner width=&#8220;1\/4&#8243;][mk_flipbox front_background_color=&#8220;#95bb20&#8243; back_background_color=&#8220;#3e494f&#8220; image=&#8220;https:\/\/www.immozeichner.de\/wp-content\/uploads\/2014\/09\/IMG_5034_komp.jpg&#8220; front_title=&#8220;Expos\u00e9-Gestaltung&#8220; front_title_color=&#8220;#ffffff&#8220; back_title=&#8220;Expos\u00e9-Gestaltung&#8220; back_title_color=&#8220;#ffffff&#8220; back_desc=&#8220;Wir unterst\u00fctzen Ihre Vermarktung mit ansprechenden Expos\u00e9s und \u00e4sthetischen Layouts.&#8220; back_desc_size=&#8220;16&#8243; back_desc_color=&#8220;#ffffff&#8220; button_url=&#8220;https:\/\/www.immozeichner.de\/?page_id=6190&#8243; button_text=&#8220;Mehr erfahren&#8220; button_bg_color=&#8220;#95bb22&#8243; button_bg_hover_color=&#8220;#bababa&#8220;][\/vc_column_inner][vc_column_inner width=&#8220;1\/4&#8243;][mk_flipbox front_background_color=&#8220;#95bb20&#8243; back_background_color=&#8220;#3e494f&#8220; image=&#8220;https:\/\/www.immozeichner.de\/wp-content\/uploads\/2014\/09\/IMG_5075_komp.jpg&#8220; front_title=&#8220;Freihand-Zeichnungen&#8220; front_title_color=&#8220;#ffffff&#8220; back_title=&#8220;Freihand-Zeichnungen&#8220; back_title_color=&#8220;#ffffff&#8220; back_desc=&#8220;Mit liebevollen Freihand-Grundst\u00fcckszeichnungen unterstreichen wir den individuellen Charakter Ihrer Immobilie.&#8220; back_desc_size=&#8220;16&#8243; back_desc_color=&#8220;#ffffff&#8220; button_url=&#8220;https:\/\/www.immozeichner.de\/?page_id=6192&#8243; button_text=&#8220;Mehr erfahren&#8220; button_bg_color=&#8220;#95bb22&#8243; button_bg_hover_color=&#8220;#bababa&#8220;][\/vc_column_inner][\/vc_row_inner][mk_padding_divider size=&#8220;80&#8243;][\/vc_column][\/vc_row][mk_page_section bg_image=&#8220;https:\/\/www.immozeichner.de\/wp-content\/uploads\/2014\/09\/IMG_5096-_Zeichnene-Hand.jpg&#8220; attachment=&#8220;fixed&#8220; bg_position=&#8220;center center&#8220; bg_repeat=&#8220;no-repeat&#8220; bg_stretch=&#8220;true&#8220; video_color_mask=&#8220;#000000&#8243; padding_top=&#8220;20&#8243; padding_bottom=&#8220;110&#8243; top_shape_color=&#8220;#ffffff&#8220; bottom_shape_color=&#8220;#ffffff&#8220; sidebar=&#8220;sidebar-1&#8243; first_page=&#8220;false&#8220; last_page=&#8220;false&#8220;][vc_column css=&#8220;.vc_custom_1486074369646{border-right-width: 200px !important;border-left-width: 200px !important;}&#8220;][vc_row_inner][vc_column_inner][mk_fancy_title tag_name=&#8220;h3&#8243; color=&#8220;#ffffff&#8220; size=&#8220;32&#8243; txt_transform=&#8220;none&#8220; margin_top=&#8220;110&#8243; margin_bottom=&#8220;40&#8243; font_family=&#8220;none&#8220; align=&#8220;center&#8220;]Unsere Gestaltung ist Ihr Vermarktungsvorteil[\/mk_fancy_title][\/vc_column_inner][\/vc_row_inner][vc_row_inner][vc_column_inner width=&#8220;1\/3&#8243;][mk_fancy_title tag_name=&#8220;h4&#8243; color=&#8220;#ffffff&#8220; size=&#8220;20&#8243; font_weight=&#8220;300&#8243; font_family=&#8220;none&#8220; align=&#8220;center&#8220;]Beim Immobilienverkauf sind \u00e4sthetische Expos\u00e9s mit hochwertigen Grundrissen und Visualisierungen ein Must-Have. Mit einer stilvollen und fachgerechten Gestaltung erzeugen Sie bei Interessenten bereits zu Beginn einen professionellen Eindruck und wecken Begehrlichkeit f\u00fcr Ihre Immobilie.[\/mk_fancy_title][\/vc_column_inner][vc_column_inner width=&#8220;1\/3&#8243;][mk_fancy_title tag_name=&#8220;h4&#8243; color=&#8220;#ffffff&#8220; size=&#8220;20&#8243; font_weight=&#8220;300&#8243; font_family=&#8220;none&#8220; align=&#8220;center&#8220;]F\u00fcr Ihren Internetauftritt und Ihr gedrucktes Expos\u00e9 gestalten wir 2D- und 3D-Grundrisse, 2D- und 3D-Ansichten sowie Exterior- und Interior-Renderings \u00fcbersichtlich, stilvoll und repr\u00e4sentativ. Unsere Gestaltung folgt dabei stets h\u00f6chsten \u00e4sthetischen Anspr\u00fcchen.[\/mk_fancy_title][\/vc_column_inner][vc_column_inner width=&#8220;1\/3&#8243;][mk_fancy_title tag_name=&#8220;h4&#8243; color=&#8220;#ffffff&#8220; size=&#8220;20&#8243; font_weight=&#8220;300&#8243; font_family=&#8220;none&#8220; align=&#8220;center&#8220;]Ihre Vorteile liegen auf der Hand: Mit einer Gestaltung von Immozeichner machen Ihre Immobilien zu jedem Zeitpunkt eine hervorragende Figur, die den hohen achritektonischen Anspr\u00fcchen Ihrer Objekte gerecht wird.[\/mk_fancy_title][\/vc_column_inner][\/vc_row_inner][vc_row_inner][vc_column_inner width=&#8220;1\/3&#8243;][\/vc_column_inner][vc_column_inner width=&#8220;1\/3&#8243;][mk_button dimension=&#8220;flat&#8220; corner_style=&#8220;rounded&#8220; size=&#8220;large&#8220; url=&#8220;https:\/\/www.immozeichner.de\/?page_id=40&#8243; align=&#8220;center&#8220; margin_bottom=&#8220;0&#8243; margin_right=&#8220;0&#8243; bg_color=&#8220;#95bb20&#8243; btn_hover_bg=&#8220;#bababa&#8220;]UNSERE LEISTUNGEN IM \u00dcBERBLICK[\/mk_button][\/vc_column_inner][vc_column_inner width=&#8220;1\/3&#8243;][\/vc_column_inner][\/vc_row_inner][\/vc_column][\/mk_page_section][mk_page_section bg_color=&#8220;#ffffff&#8220; padding_top=&#8220;80&#8243; padding_bottom=&#8220;80&#8243; top_shape_color=&#8220;#ffffff&#8220; bottom_shape_color=&#8220;#ffffff&#8220; sidebar=&#8220;sidebar-1&#8243; first_page=&#8220;false&#8220; last_page=&#8220;false&#8220;][vc_column][mk_fancy_title tag_name=&#8220;h3&#8243; color=&#8220;#444444&#8243; size=&#8220;32&#8243; txt_transform=&#8220;none&#8220; font_family=&#8220;none&#8220; align=&#8220;center&#8220;]\u00dcberzeugende Referenzen[\/mk_fancy_title][vc_row_inner][vc_column_inner width=&#8220;1\/6&#8243;][\/vc_column_inner][vc_column_inner width=&#8220;2\/3&#8243;][mk_fancy_title tag_name=&#8220;h4&#8243; color=&#8220;#000000&#8243; size=&#8220;20&#8243; font_weight=&#8220;300&#8243; margin_bottom=&#8220;40&#8243; font_family=&#8220;none&#8220; align=&#8220;center&#8220;]Hier finden Sie eine Auswahl unserer Referenzen.<\/p>\n<p>Dabei handelt es sich um Visualisierungen unterschiedlichster Art. Von reinen 2D-Ansichten und 2D-Grundrissen, bis hin zu fotorealistischen 3D-Renderings, ansprechenden Expos\u00e9s und stilvollen Freihand-Visualisierungen.[\/mk_fancy_title][\/vc_column_inner][vc_column_inner width=&#8220;1\/6&#8243;][\/vc_column_inner][\/vc_row_inner][mk_portfolio style=&#8220;grid&#8220; grid_spacing=&#8220;2&#8243; count=&#8220;6&#8243; sortable=&#8220;false&#8220; pagination=&#8220;false&#8220; order=&#8220;ASC&#8220; image_quality=&#8220;1&#8243; disable_excerpt=&#8220;true&#8220; disable_permalink=&#8220;true&#8220; item_id=&#8220;1411638838-5423e636f2de4&#8243;][mk_button dimension=&#8220;flat&#8220; corner_style=&#8220;rounded&#8220; size=&#8220;large&#8220; url=&#8220;https:\/\/www.immozeichner.de\/?page_id=5772&#8243; align=&#8220;center&#8220; margin_top=&#8220;70&#8243; margin_bottom=&#8220;0&#8243; bg_color=&#8220;#95bb20&#8243; btn_hover_bg=&#8220;#252525&#8243;]MEHR REFERENZEN[\/mk_button][\/vc_column][\/mk_page_section][vc_row fullwidth=&#8220;true&#8220; padding=&#8220;0&#8243;][vc_column css=&#8220;.vc_custom_1486195616151{padding-top: 55px !important;padding-bottom: 55px !important;background-color: #95bb20 !important;}&#8220;][mk_clients count=&#8220;-1&#8243; orderby=&#8220;menu_order&#8220; cover=&#8220;true&#8220; height=&#8220;112&#8243;][\/vc_column][\/vc_row][vc_row][vc_column css=&#8220;.vc_custom_1411574643168{padding-top: 115px !important;padding-bottom: 115px !important;}&#8220;][mk_fancy_title tag_name=&#8220;h3&#8243; color=&#8220;#444444&#8243; size=&#8220;32&#8243; txt_transform=&#8220;none&#8220; margin_bottom=&#8220;80&#8243; font_family=&#8220;none&#8220; align=&#8220;center&#8220;]Das sagen unsere Kunden[\/mk_fancy_title][vc_row_inner][vc_column_inner width=&#8220;2\/12&#8243;][vc_single_image image=&#8220;6426&#8243; alignment=&#8220;center&#8220; style=&#8220;vc_box_circle&#8220;][\/vc_column_inner][vc_column_inner width=&#8220;4\/12&#8243;][mk_fancy_title tag_name=&#8220;h4&#8243; color=&#8220;#444444&#8243; size=&#8220;24&#8243; txt_transform=&#8220;none&#8220; margin_bottom=&#8220;0&#8243; font_family=&#8220;none&#8220;]Daniel Berthold[\/mk_fancy_title][mk_fancy_title tag_name=&#8220;h5&#8243; color=&#8220;#000000&#8243; size=&#8220;24&#8243; font_weight=&#8220;300&#8243; txt_transform=&#8220;none&#8220; margin_bottom=&#8220;0&#8243; font_family=&#8220;none&#8220;]Ludwig Berthold GmbH[\/mk_fancy_title][mk_blockquote style=&#8220;line-style&#8220; font_family=&#8220;none&#8220; font_size_combat=&#8220;true&#8220; text_size=&#8220;20&#8243;]Wir hatten \u00fcber die letzten Jahre die Ausfertigung verschiedener Lagepl\u00e4ne, Grundrisse, 3D Visualisierungen und Skizzen beauftragt. Jeder einzelne Auftrag wurde stets wie abgestimmt ausgef\u00fchrt und immer innerhalb des vorgegebene Zeitplans fertiggestellt. Ihre Preisgestaltung ist aufgrund der hochwertigen und professionellen Qualit\u00e4t mehr als angemessen. Alle bei Ihnen beauftragten Zeichnungen haben die Vermarktung unserer Objekte ma\u00dfgebend unterst\u00fctzt.[\/mk_blockquote][\/vc_column_inner][vc_column_inner width=&#8220;2\/12&#8243;][vc_single_image image=&#8220;6428&#8243; alignment=&#8220;center&#8220; style=&#8220;vc_box_circle&#8220;][\/vc_column_inner][vc_column_inner width=&#8220;4\/12&#8243;][mk_fancy_title tag_name=&#8220;h4&#8243; color=&#8220;#444444&#8243; size=&#8220;24&#8243; txt_transform=&#8220;none&#8220; margin_bottom=&#8220;0&#8243; font_family=&#8220;none&#8220;]Markus Lechler[\/mk_fancy_title][mk_fancy_title tag_name=&#8220;h5&#8243; color=&#8220;#000000&#8243; size=&#8220;24&#8243; font_weight=&#8220;300&#8243; txt_transform=&#8220;none&#8220; margin_bottom=&#8220;0&#8243; font_family=&#8220;none&#8220;]Lechler Immobilien[\/mk_fancy_title][mk_blockquote style=&#8220;line-style&#8220; font_family=&#8220;none&#8220; font_size_combat=&#8220;true&#8220; text_size=&#8220;20&#8243;]Einen besonderen Dank m\u00f6chten wir Ihnen f\u00fcr ihr kompetentes Fachwissen und die gute Zusammenarbeit aussprechen. Die individuelle Gestaltung der Grundrisse setzen Sie immer zu unserer vollsten Zufriedenheit um. Zudem halten Sie pr\u00e4zise s\u00e4mtliche Termine und Absprachen ein und \u00fcberraschen uns immer wieder, wie schnell Sie die Gestaltungen umsetzen.[\/mk_blockquote][\/vc_column_inner][\/vc_row_inner][mk_padding_divider size=&#8220;65&#8243;][vc_row_inner][vc_column_inner width=&#8220;2\/12&#8243;][vc_single_image image=&#8220;6430&#8243; alignment=&#8220;center&#8220; style=&#8220;vc_box_circle&#8220;][\/vc_column_inner][vc_column_inner width=&#8220;4\/12&#8243;][mk_fancy_title tag_name=&#8220;h4&#8243; color=&#8220;#444444&#8243; size=&#8220;24&#8243; txt_transform=&#8220;none&#8220; margin_bottom=&#8220;0&#8243; font_family=&#8220;none&#8220;]Duncan Voormolen, Schweiz[\/mk_fancy_title][mk_fancy_title tag_name=&#8220;h5&#8243; color=&#8220;#000000&#8243; size=&#8220;24&#8243; font_weight=&#8220;300&#8243; txt_transform=&#8220;none&#8220; margin_bottom=&#8220;0&#8243; font_family=&#8220;none&#8220;]Property One[\/mk_fancy_title][mk_blockquote style=&#8220;line-style&#8220; font_family=&#8220;none&#8220; font_size_combat=&#8220;true&#8220; text_size=&#8220;20&#8243;]Was ich sehr sch\u00e4tze an Ihrer\u00a0Arbeit sind\u00a0die Qualit\u00e4t und Details.[\/mk_blockquote][\/vc_column_inner][vc_column_inner width=&#8220;2\/12&#8243;][vc_single_image image=&#8220;6711&#8243; alignment=&#8220;center&#8220; style=&#8220;vc_box_circle&#8220; css=&#8220;.vc_custom_1521060881105{padding-top: 0px !important;padding-right: 0px !important;padding-bottom: 0px !important;padding-left: 0px !important;}&#8220;][\/vc_column_inner][vc_column_inner width=&#8220;4\/12&#8243;][mk_fancy_title tag_name=&#8220;h4&#8243; color=&#8220;#444444&#8243; size=&#8220;24&#8243; txt_transform=&#8220;none&#8220; margin_bottom=&#8220;0&#8243; font_family=&#8220;none&#8220;]Andrea Sindilar[\/mk_fancy_title][mk_fancy_title tag_name=&#8220;h5&#8243; color=&#8220;#000000&#8243; size=&#8220;24&#8243; font_weight=&#8220;300&#8243; txt_transform=&#8220;none&#8220; margin_bottom=&#8220;0&#8243; font_family=&#8220;none&#8220;]as IMMOBILIEN[\/mk_fancy_title][mk_blockquote style=&#8220;line-style&#8220; font_family=&#8220;none&#8220; font_size_combat=&#8220;true&#8220; text_size=&#8220;20&#8243;]Seit einigen Jahren arbeite ich erfolgreich mit Immozeichner zusammen und war stets von der Zuverl\u00e4ssigkeit und professionellen Arbeit bei der Erstellung von Grundrissen begeistert. Ich freue mich auf viele weitere Jahre der Zusammenarbeit mit Ihnen.[\/mk_blockquote][\/vc_column_inner][\/vc_row_inner][mk_padding_divider size=&#8220;65&#8243;][vc_row_inner][vc_column_inner width=&#8220;2\/12&#8243;][vc_single_image image=&#8220;6715&#8243; alignment=&#8220;center&#8220; style=&#8220;vc_box_circle&#8220;][\/vc_column_inner][vc_column_inner width=&#8220;4\/12&#8243;][mk_fancy_title tag_name=&#8220;h4&#8243; color=&#8220;#444444&#8243; size=&#8220;24&#8243; txt_transform=&#8220;none&#8220; margin_bottom=&#8220;0&#8243; font_family=&#8220;none&#8220;]Dieter Lenz[\/mk_fancy_title][mk_fancy_title tag_name=&#8220;h5&#8243; color=&#8220;#000000&#8243; size=&#8220;24&#8243; font_weight=&#8220;300&#8243; txt_transform=&#8220;none&#8220; margin_bottom=&#8220;0&#8243; font_family=&#8220;none&#8220;]City Grundbesitz und Immobilien GmbH[\/mk_fancy_title][mk_blockquote style=&#8220;line-style&#8220; font_family=&#8220;none&#8220; font_size_combat=&#8220;true&#8220; text_size=&#8220;20&#8243;]Gleich beim\u00a0ersten Kontakt haben wir gemerkt, dass unsere Ansprechpartnerin, Frau Rosshirt, vom Fach ist (Architektin) und wei\u00df, auf was es ankommt. \u00c4nderungen, Nachbesserungen etc. \u2013 alles kein Problem. Und manchmal, wenn es zeitlich etwas knapp wurde, ist auch schon mal bis sp\u00e4t abends der Entwurf gekommen.\u00a0Meine Empfehlung nach langen Jahren! Einfach mal ausprobieren und sich\u00a0\u00fcberraschen lassen.[\/mk_blockquote][\/vc_column_inner][vc_column_inner width=&#8220;2\/12&#8243;][vc_single_image image=&#8220;6751&#8243; alignment=&#8220;center&#8220; style=&#8220;vc_box_circle&#8220;][\/vc_column_inner][vc_column_inner width=&#8220;4\/12&#8243;][mk_fancy_title tag_name=&#8220;h4&#8243; color=&#8220;#444444&#8243; size=&#8220;24&#8243; txt_transform=&#8220;none&#8220; margin_bottom=&#8220;0&#8243; font_family=&#8220;none&#8220;]Tobias Eric Ott[\/mk_fancy_title][mk_fancy_title tag_name=&#8220;h5&#8243; color=&#8220;#000000&#8243; size=&#8220;24&#8243; font_weight=&#8220;300&#8243; txt_transform=&#8220;none&#8220; margin_bottom=&#8220;0&#8243; font_family=&#8220;none&#8220;]Denk Mal Makler[\/mk_fancy_title][mk_blockquote style=&#8220;line-style&#8220; font_family=&#8220;none&#8220; font_size_combat=&#8220;true&#8220; text_size=&#8220;20&#8243;]immozeichner\u00a0begleitet uns bereits seit mehreren Jahren bei der Aufbereitung von Grundrissen. Mit dem n\u00f6tigen Einf\u00fchlungsverm\u00f6gen versteht es Frau Rosshirt, Grundrisse schnell, qualitativ hochwertig und angepasst an unser Corporate Design zu erstellen. Ihr Anspruch an Perfektion sorgt f\u00fcr gro\u00dfartige Ergebnisse. Ich danke Frau Rosshirt und Ihrem Team f\u00fcr das bisher Geschaffene und freue mich auf weitere sch\u00f6ne Projekte mit Ihnen.[\/mk_blockquote][\/vc_column_inner][\/vc_row_inner][mk_padding_divider size=&#8220;65&#8243;][\/vc_column][\/vc_row][mk_page_section bg_image=&#8220;https:\/\/www.immozeichner.de\/wp-content\/uploads\/2014\/09\/AdobeStock_1611412-komp.jpeg&#8220; attachment=&#8220;fixed&#8220; bg_position=&#8220;center center&#8220; bg_repeat=&#8220;no-repeat&#8220; bg_stretch=&#8220;true&#8220; video_color_mask=&#8220;#000000&#8243; full_width=&#8220;true&#8220; padding_top=&#8220;180&#8243; padding_bottom=&#8220;180&#8243; sidebar=&#8220;sidebar-1&#8243; first_page=&#8220;false&#8220; last_page=&#8220;false&#8220;][vc_column][mk_fancy_title tag_name=&#8220;h4&#8243; color=&#8220;#ffffff&#8220; size=&#8220;32&#8243; txt_transform=&#8220;none&#8220; margin_bottom=&#8220;0&#8243; font_family=&#8220;none&#8220; align=&#8220;center&#8220;]Sprechen Sie uns an![\/mk_fancy_title][mk_fancy_title tag_name=&#8220;h4&#8243; color=&#8220;#ffffff&#8220; size=&#8220;20&#8243; txt_transform=&#8220;none&#8220; margin_top=&#8220;40&#8243; font_family=&#8220;none&#8220; align=&#8220;center&#8220;]Nehmen Sie Kontakt mit uns auf und schildern Sie uns Ihre Vorstellungen.<\/p>\n<p>Wir unterst\u00fctzen Sie gerne![\/mk_fancy_title][vc_row_inner][vc_column_inner][mk_button dimension=&#8220;flat&#8220; corner_style=&#8220;rounded&#8220; size=&#8220;large&#8220; url=&#8220;https:\/\/www.immozeichner.de\/?page_id=42&#8243; align=&#8220;center&#8220; margin_top=&#8220;30&#8243; margin_bottom=&#8220;0&#8243; margin_right=&#8220;0&#8243; bg_color=&#8220;#95bb20&#8243; btn_hover_bg=&#8220;#bababa&#8220;]JETZT KONTAKTIEREN[\/mk_button][\/vc_column_inner][\/vc_row_inner][\/vc_column][\/mk_page_section]\n","protected":false},"excerpt":{"rendered":"<p>[vc_row][vc_column][mk_padding_divider][\/vc_column][\/vc_row][vc_row fullwidth=&#8220;true&#8220; attached=&#8220;true&#8220; padding=&#8220;0&#8243;][vc_column][mk_edge_slider swiper_bg=&#8220;#000000&#8243; orderby=&#8220;menu_order&#8220; full_height=&#8220;false&#8220; height=&#8220;600&#8243; slideshow_speed=&#8220;8000&#8243; pagination=&#8220;small_dot_stroke&#8220; skip_arrow=&#8220;false&#8220; slides=&#8220;5779, 5782&#8243;][\/vc_column][\/vc_row][vc_row fullwidth=&#8220;true&#8220; attached=&#8220;true&#8220; padding=&#8220;0&#8243;][vc_column][mk_fancy_title tag_name=&#8220;h3&#8243; color=&#8220;#000000&#8243; size=&#8220;32&#8243; margin_top=&#8220;80&#8243; font_family=&#8220;none&#8220; align=&#8220;center&#8220;]Unsere Leistungen im \u00dcberblick[\/mk_fancy_title][mk_fancy_title tag_name=&#8220;h4&#8243; color=&#8220;#000000&#8243; size=&#8220;20&#8243; font_weight=&#8220;300&#8243; font_family=&#8220;none&#8220; align=&#8220;center&#8220;]Wir visualisieren Ihre Immobilie &#8211; stilvoll, ausdrucksstark und repr\u00e4sentativ.[\/mk_fancy_title][vc_row_inner attached=&#8220;true&#8220; is_fullwidth_content=&#8220;false&#8220; column_padding=&#8220;1&#8243; css=&#8220;.vc_custom_1486072254658{padding-top: 0px !important;padding-right: 0px !important;padding-bottom: 0px !important;padding-left: 0px !important;}&#8220;][vc_column_inner width=&#8220;1\/4&#8243;][mk_flipbox front_background_color=&#8220;#95bb20&#8243; back_background_color=&#8220;#3e494f&#8220; image=&#8220;https:\/\/www.immozeichner.de\/wp-content\/uploads\/2014\/09\/IMG_5133_komp.jpg&#8220; [&hellip;]<\/p>\n","protected":false},"author":1,"featured_media":0,"parent":0,"menu_order":0,"comment_status":"open","ping_status":"closed","template":"","meta":{"footnotes":""},"class_list":["post-36","page","type-page","status-publish","hentry"],"_links":{"self":[{"href":"https:\/\/www.immozeichner.de\/index.php?rest_route=\/wp\/v2\/pages\/36","targetHints":{"allow":["GET"]}}],"collection":[{"href":"https:\/\/www.immozeichner.de\/index.php?rest_route=\/wp\/v2\/pages"}],"about":[{"href":"https:\/\/www.immozeichner.de\/index.php?rest_route=\/wp\/v2\/types\/page"}],"author":[{"embeddable":true,"href":"https:\/\/www.immozeichner.de\/index.php?rest_route=\/wp\/v2\/users\/1"}],"replies":[{"embeddable":true,"href":"https:\/\/www.immozeichner.de\/index.php?rest_route=%2Fwp%2Fv2%2Fcomments&post=36"}],"version-history":[{"count":227,"href":"https:\/\/www.immozeichner.de\/index.php?rest_route=\/wp\/v2\/pages\/36\/revisions"}],"predecessor-version":[{"id":7053,"href":"https:\/\/www.immozeichner.de\/index.php?rest_route=\/wp\/v2\/pages\/36\/revisions\/7053"}],"wp:attachment":[{"href":"https:\/\/www.immozeichner.de\/index.php?rest_route=%2Fwp%2Fv2%2Fmedia&parent=36"}],"curies":[{"name":"wp","href":"https:\/\/api.w.org\/{rel}","templated":true}]}}