{"id":38,"date":"2014-09-24T13:09:49","date_gmt":"2014-09-24T13:09:49","guid":{"rendered":"http:\/\/demos.artbees.net\/jupiter5\/sponde\/?page_id=38"},"modified":"2018-03-18T22:35:47","modified_gmt":"2018-03-18T22:35:47","slug":"about","status":"publish","type":"page","link":"https:\/\/www.immozeichner.de\/?page_id=38","title":{"rendered":"\u00dcber uns"},"content":{"rendered":"[vc_row fullwidth=&#8220;true&#8220; attached=&#8220;true&#8220; padding=&#8220;0&#8243;][vc_column][mk_page_title_box page_title=&#8220;IMMOZEICHNER&#8220; page_subtitle=&#8220;IHR PROFI F\u00dcR ERSTKLASSIGE ARCHITEKTUR-VISUALISIERUNGEN&#8220; section_height=&#8220;500&#8243; bg_image=&#8220;https:\/\/www.immozeichner.de\/wp-content\/uploads\/2014\/09\/IMG_5109_Hand-Kopie.jpg&#8220; bg_position=&#8220;center top&#8220; bg_stretch=&#8220;true&#8220; overlay=&#8220;rgba(0,0,0,0.5)&#8220; bg_effects=&#8220;parallax&#8220; title_letter_spacing=&#8220;1&#8243; font_color=&#8220;#ffffff&#8220; font_weight=&#8220;bold&#8220; underline=&#8220;false&#8220; padding=&#8220;15&#8243; sub_font_size=&#8220;26&#8243; sub_font_color=&#8220;#ffffff&#8220; sub_font_weight=&#8220;300&#8243;][\/vc_column][\/vc_row][vc_row][vc_column css=&#8220;.vc_custom_1411644205333{padding-top: 95px !important;padding-bottom: 120px !important;}&#8220;][mk_fancy_title tag_name=&#8220;h3&#8243; color=&#8220;#000000&#8243; size=&#8220;32&#8243; txt_transform=&#8220;none&#8220; font_family=&#8220;none&#8220; align=&#8220;center&#8220;]Wir visualisieren Ihre Immobilie[\/mk_fancy_title][vc_row_inner padding=&#8220;1&#8243;][vc_column_inner width=&#8220;1\/2&#8243;][mk_fancy_title tag_name=&#8220;h4&#8243; color=&#8220;#000000&#8243; size=&#8220;20&#8243; font_weight=&#8220;300&#8243; font_family=&#8220;none&#8220;]Beim Immobilienverkauf sind hochwertig-repr\u00e4sentative Renderings heute ein unverzichtbarer Vermarktungsbaustein. Und perfekt gestaltete Grundrisspl\u00e4ne spielen im Vorfeld einer Besichtigung eine ebenso wichtige Rolle, wie die Lage und der Kaufpreis eines Objektes.<\/p>\n<p>&nbsp;<\/p>\n<p>Das Immozeichner-Team besteht aus Visualisierungs-Profis mit langj\u00e4hriger Architektur- und Design-Erfahrung. Unser Leistungsportfolio reicht von qualitativ hochwertigen 2D- und 3D-Grundrissen \u00fcber realisitische 2D- und 3D-Renderings f\u00fcr Interior- und Exterior-Darstellungen bis hin zu liebevoll gestalteten Freihand-Zeichungen und \u00fcberzeugenden Expos\u00e9s.<\/p>\n<p>&nbsp;<\/p>\n<p>Bei unseren Visualisierungen legen wir Wert auf h\u00f6chste Pr\u00e4zision und verfolgen stets das Ziel, den individuellen Charme Ihrer Immobilie perfekt zu unterstreichen.[\/mk_fancy_title][\/vc_column_inner][vc_column_inner width=&#8220;1\/2&#8243;][vc_single_image image=&#8220;5952&#8243; img_size=&#8220;large&#8220;][\/vc_column_inner][\/vc_row_inner][mk_button dimension=&#8220;flat&#8220; corner_style=&#8220;rounded&#8220; size=&#8220;large&#8220; url=&#8220;https:\/\/www.immozeichner.de\/?page_id=40&#8243; align=&#8220;center&#8220; margin_top=&#8220;30&#8243; margin_bottom=&#8220;0&#8243; margin_right=&#8220;0&#8243; bg_color=&#8220;#95bb20&#8243; btn_hover_bg=&#8220;#bababa&#8220;]UNSERE LEISTUNGEN IM \u00dcBERBLICK[\/mk_button][\/vc_column][\/vc_row][mk_page_section bg_color=&#8220;#f5f6f7&#8243; padding_top=&#8220;100&#8243; padding_bottom=&#8220;115&#8243; sidebar=&#8220;sidebar-1&#8243; first_page=&#8220;false&#8220; last_page=&#8220;false&#8220;][vc_column][mk_fancy_title tag_name=&#8220;h3&#8243; color=&#8220;#444444&#8243; size=&#8220;34&#8243; txt_transform=&#8220;none&#8220; margin_bottom=&#8220;0&#8243; font_family=&#8220;none&#8220; align=&#8220;center&#8220;]Langj\u00e4hrige Erfahrung und viel Spa\u00df bei der Arbeit[\/mk_fancy_title][mk_fancy_title tag_name=&#8220;h4&#8243; color=&#8220;#000000&#8243; size=&#8220;20&#8243; font_weight=&#8220;300&#8243; txt_transform=&#8220;none&#8220; margin_top=&#8220;20&#8243; margin_bottom=&#8220;80&#8243; font_family=&#8220;none&#8220; align=&#8220;center&#8220;]Profitieren Sie von unserem Knowhow in der Immobilien-Visualisierung[\/mk_fancy_title][vc_row_inner][vc_column_inner width=&#8220;1\/4&#8243;][mk_font_icons icon=&#8220;mk-li-photo&#8220; color=&#8220;#ffffff&#8220; size=&#8220;xx-large&#8220; circle=&#8220;true&#8220; circle_color=&#8220;#95bb20&#8243; align=&#8220;center&#8220;][mk_milestone icon_size=&#8220;medium&#8220; align=&#8220;center&#8220; icon_color=&#8220;#ffffff&#8220; stop=&#8220;214&#8243; text=&#8220;Visualisierungen&#8220; text_color=&#8220;#000000&#8243; text_size=&#8220;45&#8243; font_family=&#8220;none&#8220; desc_size=&#8220;20&#8243;][\/vc_column_inner][vc_column_inner width=&#8220;1\/4&#8243;][mk_font_icons icon=&#8220;mk-moon-home-6&#8243; color=&#8220;#ffffff&#8220; size=&#8220;xx-large&#8220; circle=&#8220;true&#8220; circle_color=&#8220;#95bb20&#8243; align=&#8220;center&#8220;][mk_milestone icon_size=&#8220;medium&#8220; align=&#8220;center&#8220; icon_color=&#8220;#ffffff&#8220; stop=&#8220;214&#8243; text=&#8220;Betreute Objekte&#8220; text_color=&#8220;#000000&#8243; text_size=&#8220;45&#8243; font_family=&#8220;none&#8220; desc_size=&#8220;20&#8243;][\/vc_column_inner][vc_column_inner width=&#8220;1\/4&#8243;][mk_font_icons icon=&#8220;mk-li-love&#8220; color=&#8220;#ffffff&#8220; size=&#8220;xx-large&#8220; circle=&#8220;true&#8220; circle_color=&#8220;#95bb20&#8243; align=&#8220;center&#8220;][mk_milestone icon_size=&#8220;medium&#8220; align=&#8220;center&#8220; icon_color=&#8220;#ffffff&#8220; stop=&#8220;214&#8243; text=&#8220;Zufriedene Kunden&#8220; text_color=&#8220;#000000&#8243; text_size=&#8220;45&#8243; font_family=&#8220;none&#8220; desc_size=&#8220;20&#8243;][\/vc_column_inner][vc_column_inner width=&#8220;1\/4&#8243;][mk_font_icons icon=&#8220;mk-li-coffee&#8220; color=&#8220;#ffffff&#8220; size=&#8220;xx-large&#8220; circle=&#8220;true&#8220; circle_color=&#8220;#95bb20&#8243; align=&#8220;center&#8220;][mk_milestone icon_size=&#8220;medium&#8220; align=&#8220;center&#8220; icon_color=&#8220;#ffffff&#8220; stop=&#8220;214&#8243; text=&#8220;Tassen Kaffee&#8220; text_color=&#8220;#000000&#8243; text_size=&#8220;45&#8243; font_family=&#8220;none&#8220; desc_size=&#8220;20&#8243;][\/vc_column_inner][\/vc_row_inner][\/vc_column][\/mk_page_section][mk_page_section bg_image=&#8220;https:\/\/www.immozeichner.de\/wp-content\/uploads\/2014\/09\/IMG_5096-_Zeichnene-Hand-1.jpg&#8220; attachment=&#8220;fixed&#8220; bg_position=&#8220;center center&#8220; bg_repeat=&#8220;no-repeat&#8220; bg_stretch=&#8220;true&#8220; video_color_mask=&#8220;#000000&#8243; full_width=&#8220;true&#8220; padding_top=&#8220;180&#8243; padding_bottom=&#8220;180&#8243; sidebar=&#8220;sidebar-1&#8243; first_page=&#8220;false&#8220; last_page=&#8220;false&#8220;][vc_column][mk_fancy_title tag_name=&#8220;h4&#8243; color=&#8220;#ffffff&#8220; size=&#8220;32&#8243; margin_bottom=&#8220;0&#8243; font_family=&#8220;none&#8220; align=&#8220;center&#8220;]Sprechen Sie uns an!<\/p>\n[\/mk_fancy_title][mk_fancy_title tag_name=&#8220;h4&#8243; color=&#8220;#ffffff&#8220; size=&#8220;20&#8243; txt_transform=&#8220;none&#8220; margin_top=&#8220;40&#8243; font_family=&#8220;none&#8220; align=&#8220;center&#8220;]Nehmen Sie Kontakt mit uns auf und schildern Sie uns Ihre Vorstellungen.<\/p>\n<p>Wir unterst\u00fctzen Sie gerne![\/mk_fancy_title][vc_row_inner][vc_column_inner][mk_button dimension=&#8220;flat&#8220; corner_style=&#8220;rounded&#8220; size=&#8220;large&#8220; url=&#8220;https:\/\/www.immozeichner.de\/?page_id=42&#8243; align=&#8220;center&#8220; margin_top=&#8220;30&#8243; margin_bottom=&#8220;0&#8243; margin_right=&#8220;0&#8243; bg_color=&#8220;#95bb20&#8243; btn_hover_bg=&#8220;#bababa&#8220;]JETZT KONTAKTIEREN[\/mk_button][\/vc_column_inner][\/vc_row_inner][\/vc_column][\/mk_page_section]\n","protected":false},"excerpt":{"rendered":"<p>[vc_row fullwidth=&#8220;true&#8220; attached=&#8220;true&#8220; padding=&#8220;0&#8243;][vc_column][mk_page_title_box page_title=&#8220;IMMOZEICHNER&#8220; page_subtitle=&#8220;IHR PROFI F\u00dcR ERSTKLASSIGE ARCHITEKTUR-VISUALISIERUNGEN&#8220; section_height=&#8220;500&#8243; bg_image=&#8220;https:\/\/www.immozeichner.de\/wp-content\/uploads\/2014\/09\/IMG_5109_Hand-Kopie.jpg&#8220; bg_position=&#8220;center top&#8220; bg_stretch=&#8220;true&#8220; overlay=&#8220;rgba(0,0,0,0.5)&#8220; bg_effects=&#8220;parallax&#8220; title_letter_spacing=&#8220;1&#8243; font_color=&#8220;#ffffff&#8220; font_weight=&#8220;bold&#8220; underline=&#8220;false&#8220; padding=&#8220;15&#8243; sub_font_size=&#8220;26&#8243; sub_font_color=&#8220;#ffffff&#8220; sub_font_weight=&#8220;300&#8243;][\/vc_column][\/vc_row][vc_row][vc_column css=&#8220;.vc_custom_1411644205333{padding-top: 95px !important;padding-bottom: 120px !important;}&#8220;][mk_fancy_title tag_name=&#8220;h3&#8243; color=&#8220;#000000&#8243; size=&#8220;32&#8243; txt_transform=&#8220;none&#8220; font_family=&#8220;none&#8220; align=&#8220;center&#8220;]Wir visualisieren Ihre Immobilie[\/mk_fancy_title][vc_row_inner padding=&#8220;1&#8243;][vc_column_inner width=&#8220;1\/2&#8243;][mk_fancy_title tag_name=&#8220;h4&#8243; color=&#8220;#000000&#8243; size=&#8220;20&#8243; font_weight=&#8220;300&#8243; font_family=&#8220;none&#8220;]Beim Immobilienverkauf sind hochwertig-repr\u00e4sentative Renderings heute ein unverzichtbarer Vermarktungsbaustein. Und [&hellip;]<\/p>\n","protected":false},"author":1,"featured_media":0,"parent":0,"menu_order":0,"comment_status":"open","ping_status":"open","template":"","meta":{"footnotes":""},"class_list":["post-38","page","type-page","status-publish","hentry"],"_links":{"self":[{"href":"https:\/\/www.immozeichner.de\/index.php?rest_route=\/wp\/v2\/pages\/38","targetHints":{"allow":["GET"]}}],"collection":[{"href":"https:\/\/www.immozeichner.de\/index.php?rest_route=\/wp\/v2\/pages"}],"about":[{"href":"https:\/\/www.immozeichner.de\/index.php?rest_route=\/wp\/v2\/types\/page"}],"author":[{"embeddable":true,"href":"https:\/\/www.immozeichner.de\/index.php?rest_route=\/wp\/v2\/users\/1"}],"replies":[{"embeddable":true,"href":"https:\/\/www.immozeichner.de\/index.php?rest_route=%2Fwp%2Fv2%2Fcomments&post=38"}],"version-history":[{"count":42,"href":"https:\/\/www.immozeichner.de\/index.php?rest_route=\/wp\/v2\/pages\/38\/revisions"}],"predecessor-version":[{"id":6769,"href":"https:\/\/www.immozeichner.de\/index.php?rest_route=\/wp\/v2\/pages\/38\/revisions\/6769"}],"wp:attachment":[{"href":"https:\/\/www.immozeichner.de\/index.php?rest_route=%2Fwp%2Fv2%2Fmedia&parent=38"}],"curies":[{"name":"wp","href":"https:\/\/api.w.org\/{rel}","templated":true}]}}