{"id":40,"date":"2014-09-24T13:12:16","date_gmt":"2014-09-24T13:12:16","guid":{"rendered":"http:\/\/demos.artbees.net\/jupiter5\/sponde\/?page_id=40"},"modified":"2018-03-18T22:31:34","modified_gmt":"2018-03-18T22:31:34","slug":"services","status":"publish","type":"page","link":"https:\/\/www.immozeichner.de\/?page_id=40","title":{"rendered":"Leistungen"},"content":{"rendered":"[vc_row fullwidth=&#8220;true&#8220; attached=&#8220;true&#8220; padding=&#8220;0&#8243;][vc_column][mk_page_title_box page_title=&#8220;WIR VISUALISIEREN IHRE IMMOBILIE&#8220; page_subtitle=&#8220;STILVOLL, AUSDRUCKSSTARK UND REPR\u00c4SENTATIV.&#8220; section_height=&#8220;500&#8243; bg_image=&#8220;https:\/\/www.immozeichner.de\/wp-content\/uploads\/2014\/09\/IMG_5071-Kopie-Kopie.jpg&#8220; bg_position=&#8220;center center&#8220; bg_stretch=&#8220;true&#8220; overlay=&#8220;rgba(0,0,0,0.5)&#8220; bg_effects=&#8220;parallax&#8220; title_letter_spacing=&#8220;1&#8243; font_color=&#8220;#ffffff&#8220; font_weight=&#8220;bold&#8220; underline=&#8220;false&#8220; sub_font_size=&#8220;26&#8243; sub_font_color=&#8220;#ffffff&#8220; sub_font_weight=&#8220;300&#8243;][\/vc_column][\/vc_row][vc_row][vc_column css=&#8220;.vc_custom_1411565631425{padding-top: 90px !important;padding-bottom: 100px !important;}&#8220;][vc_row_inner padding=&#8220;0&#8243;][vc_column_inner width=&#8220;1\/4&#8243; css=&#8220;.vc_custom_1411565921617{padding-right: 45px !important;padding-left: 45px !important;}&#8220;][mk_icon_box2 icon_size=&#8220;48&#8243; icon=&#8220;mk-moon-home-8&#8243; icon_color=&#8220;#95bb20&#8243; icon_background_color=&#8220;#ffffff&#8220; icon_border_color=&#8220;#e5e5e5&#8243; icon_hover_color=&#8220;#ffffff&#8220; icon_hover_background_color=&#8220;#95bb20&#8243; icon_hover_border_color=&#8220;#95bb20&#8243; title=&#8220;2D-Visualisierung&#8220; title_size=&#8220;24&#8243; title_color=&#8220;#333333&#8243; title_top_padding=&#8220;20&#8243; title_bottom_padding=&#8220;20&#8243; description_color=&#8220;#000000&#8243; read_more_url=&#8220;https:\/\/www.immozeichner.de\/?page_id=6184&#8243;]Hochwertige 2D-Lagepl\u00e4ne und -Grundrisse mit oder ohne Schatteneffekt sowie fachgerechte 2D-Ansichten.[\/mk_icon_box2][mk_button dimension=&#8220;flat&#8220; corner_style=&#8220;rounded&#8220; size=&#8220;large&#8220; url=&#8220;https:\/\/www.immozeichner.de\/?page_id=6184&#8243; align=&#8220;center&#8220; margin_top=&#8220;30&#8243; margin_bottom=&#8220;80&#8243; margin_right=&#8220;0&#8243; bg_color=&#8220;#95bb20&#8243; btn_hover_bg=&#8220;#252525&#8243;]MEHR ERFAHREN[\/mk_button][\/vc_column_inner][vc_column_inner width=&#8220;1\/4&#8243; css=&#8220;.vc_custom_1411565927939{padding-right: 45px !important;padding-left: 45px !important;}&#8220;][mk_icon_box2 icon_size=&#8220;48&#8243; icon=&#8220;mk-moon-home-11&#8243; icon_color=&#8220;#95bb20&#8243; icon_background_color=&#8220;#ffffff&#8220; icon_border_color=&#8220;#e5e5e5&#8243; icon_hover_color=&#8220;#ffffff&#8220; icon_hover_background_color=&#8220;#95bb20&#8243; icon_hover_border_color=&#8220;#95bb20&#8243; title=&#8220;3D-Visualisierung&#8220; title_size=&#8220;24&#8243; title_color=&#8220;#333333&#8243; title_top_padding=&#8220;20&#8243; title_bottom_padding=&#8220;20&#8243; description_color=&#8220;#000000&#8243; read_more_url=&#8220;https:\/\/www.immozeichner.de\/?page_id=6188&#8243;]Detaillierte 3D-Grundrisse, erstklassige 3D-Ansichten sowie realistische Exterior- und Interior-Renderings.[\/mk_icon_box2][mk_button dimension=&#8220;flat&#8220; corner_style=&#8220;rounded&#8220; size=&#8220;large&#8220; url=&#8220;https:\/\/www.immozeichner.de\/?page_id=6188&#8243; align=&#8220;center&#8220; margin_top=&#8220;30&#8243; margin_bottom=&#8220;80&#8243; margin_right=&#8220;0&#8243; bg_color=&#8220;#95bb20&#8243; btn_hover_bg=&#8220;#252525&#8243;]MEHR ERFAHREN[\/mk_button][\/vc_column_inner][vc_column_inner width=&#8220;1\/4&#8243; css=&#8220;.vc_custom_1411565941381{padding-right: 45px !important;padding-left: 45px !important;}&#8220;][mk_icon_box2 icon_size=&#8220;48&#8243; icon=&#8220;mk-moon-stack-picture&#8220; icon_color=&#8220;#95bb20&#8243; icon_background_color=&#8220;#ffffff&#8220; icon_border_color=&#8220;#e5e5e5&#8243; icon_hover_color=&#8220;#ffffff&#8220; icon_hover_background_color=&#8220;#95bb20&#8243; icon_hover_border_color=&#8220;#95bb20&#8243; title=&#8220;Expos\u00e9-Gestaltung&#8220; title_size=&#8220;24&#8243; title_color=&#8220;#333333&#8243; title_top_padding=&#8220;20&#8243; title_bottom_padding=&#8220;20&#8243; description_color=&#8220;#000000&#8243; read_more_url=&#8220;https:\/\/www.immozeichner.de\/?page_id=6190&#8243;]Ansprechende Expos\u00e9s und \u00e4sthetisch gestaltete Vermarktungsunterlagen f\u00fcr Wohn- und Gewerbeimmobilien.[\/mk_icon_box2][mk_button dimension=&#8220;flat&#8220; corner_style=&#8220;rounded&#8220; size=&#8220;large&#8220; url=&#8220;https:\/\/www.immozeichner.de\/?page_id=6190&#8243; align=&#8220;center&#8220; margin_top=&#8220;30&#8243; margin_bottom=&#8220;80&#8243; margin_right=&#8220;0&#8243; bg_color=&#8220;#95bb20&#8243; btn_hover_bg=&#8220;#252525&#8243;]MEHR ERFAHREN[\/mk_button][\/vc_column_inner][vc_column_inner width=&#8220;1\/4&#8243; css=&#8220;.vc_custom_1411565934607{padding-right: 45px !important;padding-left: 45px !important;}&#8220;][mk_icon_box2 icon_size=&#8220;48&#8243; icon=&#8220;mk-moon-pencil-6&#8243; icon_color=&#8220;#95bb20&#8243; icon_background_color=&#8220;#ffffff&#8220; icon_border_color=&#8220;#e5e5e5&#8243; icon_hover_color=&#8220;#ffffff&#8220; icon_hover_background_color=&#8220;#95bb20&#8243; icon_hover_border_color=&#8220;#95bb20&#8243; title=&#8220;Freihand-Zeichnung&#8220; title_size=&#8220;24&#8243; title_color=&#8220;#333333&#8243; title_top_padding=&#8220;20&#8243; title_bottom_padding=&#8220;20&#8243; description_color=&#8220;#000000&#8243; read_more_url=&#8220;https:\/\/www.immozeichner.de\/?page_id=6192&#8243;]Liebevolle Freihandzeichnungen von Grundst\u00fccken und ausdrucksstarke Architektur-Skizzen.[\/mk_icon_box2][mk_button dimension=&#8220;flat&#8220; corner_style=&#8220;rounded&#8220; size=&#8220;large&#8220; url=&#8220;https:\/\/www.immozeichner.de\/?page_id=6192&#8243; align=&#8220;center&#8220; margin_top=&#8220;30&#8243; margin_bottom=&#8220;80&#8243; margin_right=&#8220;0&#8243; bg_color=&#8220;#95bb20&#8243; btn_hover_bg=&#8220;#252525&#8243;]MEHR ERFAHREN[\/mk_button][\/vc_column_inner][\/vc_row_inner][\/vc_column][\/vc_row][mk_page_section bg_image=&#8220;https:\/\/www.immozeichner.de\/wp-content\/uploads\/2014\/09\/IMG_5148_komp.jpg&#8220; attachment=&#8220;fixed&#8220; bg_position=&#8220;center center&#8220; bg_repeat=&#8220;no-repeat&#8220; bg_stretch=&#8220;true&#8220; video_color_mask=&#8220;#000000&#8243; padding_top=&#8220;0&#8243; padding_bottom=&#8220;110&#8243; sidebar=&#8220;sidebar-1&#8243;][vc_column][mk_fancy_title tag_name=&#8220;h3&#8243; color=&#8220;#ffffff&#8220; size=&#8220;32&#8243; txt_transform=&#8220;none&#8220; margin_top=&#8220;110&#8243; margin_bottom=&#8220;40&#8243; font_family=&#8220;none&#8220; align=&#8220;center&#8220;]Ihre Vorteile auf einen Blick[\/mk_fancy_title][vc_row_inner][vc_column_inner width=&#8220;1\/4&#8243;][\/vc_column_inner][vc_column_inner width=&#8220;1\/2&#8243;][mk_fancy_title tag_name=&#8220;h4&#8243; color=&#8220;#ffffff&#8220; size=&#8220;20&#8243; font_weight=&#8220;300&#8243; txt_transform=&#8220;none&#8220; margin_bottom=&#8220;40&#8243; font_family=&#8220;none&#8220; align=&#8220;center&#8220;]Erstklassig gestaltete Grundrisse mit geschmackvollen Einrichtungsvorschl\u00e4gen unterst\u00fctzen die professionelle Immobilienvermarktung.[\/mk_fancy_title][\/vc_column_inner][vc_column_inner width=&#8220;1\/4&#8243;][\/vc_column_inner][\/vc_row_inner][vc_row_inner][vc_column_inner width=&#8220;1\/3&#8243;][mk_icon_box icon=&#8220;mk-li-pencil&#8220; title=&#8220;Professionelles Erscheinungsbild&#8220; text_size=&#8220;20&#8243; style=&#8220;simple_ultimate&#8220; title_color=&#8220;#ffffff&#8220; txt_color=&#8220;#c1c1c1&#8243; txt_link_color=&#8220;#c1c1c1&#8243; margin=&#8220;40&#8243; box_blur=&#8220;false&#8220;]\u00c4sthetische Visualisierungen, aussagekr\u00e4ftige Grundrisse und hochwertige Expos\u00e9s sind die Visitenkarte Ihres Unternehmens und vermitteln ein professionelles Erscheinungsbild.[\/mk_icon_box][\/vc_column_inner][vc_column_inner width=&#8220;1\/3&#8243;][mk_icon_box icon=&#8220;mk-li-pencil&#8220; title=&#8220;Perfekt f\u00fcr Ihren Vertrieb&#8220; text_size=&#8220;20&#8243; style=&#8220;simple_ultimate&#8220; title_color=&#8220;#ffffff&#8220; txt_color=&#8220;#c1c1c1&#8243; txt_link_color=&#8220;#c1c1c1&#8243; margin=&#8220;40&#8243; box_blur=&#8220;false&#8220;]Mit einer stilvollen Visualisierung unterst\u00fctzen Sie Ihre Vermarktungsaktivit\u00e4ten und bereiten Ihre Interessenten bereits im Vorfeld auf die Besichtigung vor.[\/mk_icon_box][\/vc_column_inner][vc_column_inner width=&#8220;1\/3&#8243;][mk_icon_box icon=&#8220;mk-li-pencil&#8220; title=&#8220;Individuelle L\u00f6sungen&#8220; text_size=&#8220;20&#8243; style=&#8220;simple_ultimate&#8220; title_color=&#8220;#ffffff&#8220; txt_color=&#8220;#c1c1c1&#8243; txt_link_color=&#8220;#c1c1c1&#8243; margin=&#8220;40&#8243; box_blur=&#8220;false&#8220;]Immozeichner liefert stilvolle, kreative Visualisierungen in bester Qualit\u00e4t und erstellt die Zeichnungen in unbegrenzt beliebigen Farbkombinationen.[\/mk_icon_box][\/vc_column_inner][\/vc_row_inner][vc_row_inner][vc_column_inner width=&#8220;1\/3&#8243;][mk_icon_box icon=&#8220;mk-li-pencil&#8220; title=&#8220;Schneller Lieferservice&#8220; text_size=&#8220;20&#8243; style=&#8220;simple_ultimate&#8220; title_color=&#8220;#ffffff&#8220; txt_color=&#8220;#c1c1c1&#8243; txt_link_color=&#8220;#c1c1c1&#8243; margin=&#8220;40&#8243; box_blur=&#8220;false&#8220;]Auf Wunsch garantieren wir bei Standard-Visualisierungen eine 24-Stunden-Lieferung ab Beauftragung. Aber auch bei komplexen Darstellungen z\u00e4hlt Schnelligkeit zu unseren St\u00e4rken.[\/mk_icon_box][\/vc_column_inner][vc_column_inner width=&#8220;1\/3&#8243;][mk_icon_box icon=&#8220;mk-li-pencil&#8220; title=&#8220;Einfache Online-Abwicklung&#8220; text_size=&#8220;20&#8243; style=&#8220;simple_ultimate&#8220; title_color=&#8220;#ffffff&#8220; txt_color=&#8220;#c1c1c1&#8243; txt_link_color=&#8220;#c1c1c1&#8243; margin=&#8220;40&#8243; box_blur=&#8220;false&#8220;]Platzieren Sie Ihren Auftrag schnell und einfach per Fax oder online. Auf Wunsch stellen wir Ihnen Ihre Daten nach Fertigstellung ebenfalls online zur Verf\u00fcgung. So sparen Sie wertvolle Zeit.[\/mk_icon_box][\/vc_column_inner][vc_column_inner width=&#8220;1\/3&#8243;][mk_icon_box icon=&#8220;mk-li-pencil&#8220; title=&#8220;Beste Qualit\u00e4t zu unschlagbaren Preisen&#8220; text_size=&#8220;20&#8243; style=&#8220;simple_ultimate&#8220; title_color=&#8220;#ffffff&#8220; txt_color=&#8220;#c1c1c1&#8243; txt_link_color=&#8220;#c1c1c1&#8243; margin=&#8220;40&#8243; box_blur=&#8220;false&#8220;]Immozeichner liefert beste Qualit\u00e4t zu fairen Preisen. Fragen Sie uns an! Wir erstellen gerne ein unverbindliches, transparentes und leicht verst\u00e4ndliches Angebot f\u00fcr Sie.[\/mk_icon_box][\/vc_column_inner][\/vc_row_inner][\/vc_column][\/mk_page_section][mk_page_section bg_color=&#8220;#f5f6f7&#8243; padding_top=&#8220;120&#8243; padding_bottom=&#8220;120&#8243; sidebar=&#8220;sidebar-1&#8243; first_page=&#8220;false&#8220; last_page=&#8220;false&#8220;][vc_column][mk_fancy_title tag_name=&#8220;h3&#8243; color=&#8220;#000000&#8243; size=&#8220;32&#8243; txt_transform=&#8220;none&#8220; margin_bottom=&#8220;0&#8243; font_family=&#8220;none&#8220; align=&#8220;center&#8220;]Unsere besten Arbeiten auf einen Blick[\/mk_fancy_title][vc_row_inner][vc_column_inner width=&#8220;1\/4&#8243;][\/vc_column_inner][vc_column_inner width=&#8220;1\/2&#8243;][mk_fancy_title tag_name=&#8220;h4&#8243; color=&#8220;#000000&#8243; size=&#8220;20&#8243; font_weight=&#8220;300&#8243; txt_transform=&#8220;none&#8220; margin_top=&#8220;20&#8243; margin_bottom=&#8220;80&#8243; font_family=&#8220;none&#8220; align=&#8220;center&#8220;]Mit funktionalen, stilvollen Grundrissen und repr\u00e4sentativen Renderings setzen wir Ihre Immobilie eindrucksvoll in Szene.[\/mk_fancy_title][\/vc_column_inner][vc_column_inner width=&#8220;1\/4&#8243;][\/vc_column_inner][\/vc_row_inner][mk_laptop_slideshow images=&#8220;5952,5956&#8243; pause_on_hover=&#8220;true&#8220;][mk_button dimension=&#8220;flat&#8220; corner_style=&#8220;rounded&#8220; size=&#8220;large&#8220; url=&#8220;https:\/\/www.immozeichner.de\/?page_id=5772&#8243; align=&#8220;center&#8220; margin_top=&#8220;100&#8243; margin_bottom=&#8220;0&#8243; margin_right=&#8220;0&#8243; bg_color=&#8220;#95bb20&#8243; btn_hover_bg=&#8220;#252525&#8243;]MEHR REFERENZEN[\/mk_button][\/vc_column][\/mk_page_section]\n","protected":false},"excerpt":{"rendered":"<p>[vc_row fullwidth=&#8220;true&#8220; attached=&#8220;true&#8220; padding=&#8220;0&#8243;][vc_column][mk_page_title_box page_title=&#8220;WIR VISUALISIEREN IHRE IMMOBILIE&#8220; page_subtitle=&#8220;STILVOLL, AUSDRUCKSSTARK UND REPR\u00c4SENTATIV.&#8220; section_height=&#8220;500&#8243; bg_image=&#8220;https:\/\/www.immozeichner.de\/wp-content\/uploads\/2014\/09\/IMG_5071-Kopie-Kopie.jpg&#8220; bg_position=&#8220;center center&#8220; bg_stretch=&#8220;true&#8220; overlay=&#8220;rgba(0,0,0,0.5)&#8220; bg_effects=&#8220;parallax&#8220; title_letter_spacing=&#8220;1&#8243; font_color=&#8220;#ffffff&#8220; font_weight=&#8220;bold&#8220; underline=&#8220;false&#8220; sub_font_size=&#8220;26&#8243; sub_font_color=&#8220;#ffffff&#8220; sub_font_weight=&#8220;300&#8243;][\/vc_column][\/vc_row][vc_row][vc_column css=&#8220;.vc_custom_1411565631425{padding-top: 90px !important;padding-bottom: 100px !important;}&#8220;][vc_row_inner padding=&#8220;0&#8243;][vc_column_inner width=&#8220;1\/4&#8243; css=&#8220;.vc_custom_1411565921617{padding-right: 45px !important;padding-left: 45px !important;}&#8220;][mk_icon_box2 icon_size=&#8220;48&#8243; icon=&#8220;mk-moon-home-8&#8243; icon_color=&#8220;#95bb20&#8243; icon_background_color=&#8220;#ffffff&#8220; icon_border_color=&#8220;#e5e5e5&#8243; icon_hover_color=&#8220;#ffffff&#8220; icon_hover_background_color=&#8220;#95bb20&#8243; icon_hover_border_color=&#8220;#95bb20&#8243; title=&#8220;2D-Visualisierung&#8220; title_size=&#8220;24&#8243; title_color=&#8220;#333333&#8243; title_top_padding=&#8220;20&#8243; title_bottom_padding=&#8220;20&#8243; description_color=&#8220;#000000&#8243; read_more_url=&#8220;https:\/\/www.immozeichner.de\/?page_id=6184&#8243;]Hochwertige 2D-Lagepl\u00e4ne und [&hellip;]<\/p>\n","protected":false},"author":1,"featured_media":0,"parent":0,"menu_order":0,"comment_status":"open","ping_status":"open","template":"","meta":{"footnotes":""},"class_list":["post-40","page","type-page","status-publish","hentry"],"_links":{"self":[{"href":"https:\/\/www.immozeichner.de\/index.php?rest_route=\/wp\/v2\/pages\/40","targetHints":{"allow":["GET"]}}],"collection":[{"href":"https:\/\/www.immozeichner.de\/index.php?rest_route=\/wp\/v2\/pages"}],"about":[{"href":"https:\/\/www.immozeichner.de\/index.php?rest_route=\/wp\/v2\/types\/page"}],"author":[{"embeddable":true,"href":"https:\/\/www.immozeichner.de\/index.php?rest_route=\/wp\/v2\/users\/1"}],"replies":[{"embeddable":true,"href":"https:\/\/www.immozeichner.de\/index.php?rest_route=%2Fwp%2Fv2%2Fcomments&post=40"}],"version-history":[{"count":78,"href":"https:\/\/www.immozeichner.de\/index.php?rest_route=\/wp\/v2\/pages\/40\/revisions"}],"predecessor-version":[{"id":6767,"href":"https:\/\/www.immozeichner.de\/index.php?rest_route=\/wp\/v2\/pages\/40\/revisions\/6767"}],"wp:attachment":[{"href":"https:\/\/www.immozeichner.de\/index.php?rest_route=%2Fwp%2Fv2%2Fmedia&parent=40"}],"curies":[{"name":"wp","href":"https:\/\/api.w.org\/{rel}","templated":true}]}}