{"id":6184,"date":"2017-02-04T16:56:01","date_gmt":"2017-02-04T16:56:01","guid":{"rendered":"https:\/\/www.immozeichner.de\/?page_id=6184"},"modified":"2018-03-14T21:26:12","modified_gmt":"2018-03-14T21:26:12","slug":"2d-visualisierung","status":"publish","type":"page","link":"https:\/\/www.immozeichner.de\/?page_id=6184","title":{"rendered":"2D-Visualisierung"},"content":{"rendered":"[vc_row][vc_column css=&#8220;.vc_custom_1507903164682{padding-right: 90px !important;padding-left: 90px !important;}&#8220;][mk_fancy_title tag_name=&#8220;h3&#8243; color=&#8220;#000000&#8243; size=&#8220;32&#8243; txt_transform=&#8220;none&#8220; margin_top=&#8220;80&#8243; font_family=&#8220;none&#8220; align=&#8220;center&#8220;]\u00dcberzeugen Sie Ihre Kunden mit hochwertigen 2D-Visualisierungen[\/mk_fancy_title][mk_fancy_title tag_name=&#8220;h4&#8243; size=&#8220;20&#8243; font_weight=&#8220;300&#8243; margin_bottom=&#8220;60&#8243; font_family=&#8220;none&#8220; align=&#8220;center&#8220;]Im Bereich der 2D-Visualisierung steht Immozeichner f\u00fcr \u00fcbersichtliche\u00a0Grundrisse und strukturierte Lagepl\u00e4ne sowie f\u00fcr ansprechende\u00a02D-Ansichten.\u00a0Werten Sie Ihr Expos\u00e9 und Ihren Internetauftritt mit hochwertigen 2D-Visualisierungen auf und sprechen Sie uns an![\/mk_fancy_title][\/vc_column][\/vc_row][vc_row css=&#8220;.vc_custom_1507900833039{padding-right: 30px !important;padding-left: 30px !important;}&#8220;][vc_column width=&#8220;1\/2&#8243; css=&#8220;.vc_custom_1507905334901{padding-bottom: 30px !important;}&#8220;][mk_image src=&#8220;https:\/\/www.immozeichner.de\/wp-content\/uploads\/2017\/02\/2D-Lageplan_5-Stuttgart_Immozeichner.jpg&#8220; lightbox=&#8220;true&#8220; frame_style=&#8220;border_shadow&#8220; title=&#8220;\u00dcbersichtliche Lagepl\u00e4ne&#8220;][\/vc_column][vc_column width=&#8220;1\/2&#8243; css=&#8220;.vc_custom_1507905345492{padding-bottom: 30px !important;}&#8220;][mk_image src=&#8220;https:\/\/www.immozeichner.de\/wp-content\/uploads\/2017\/02\/EG-mit-Aussenanlagen_Immozeichner-2016-1.jpg&#8220; lightbox=&#8220;true&#8220; frame_style=&#8220;border_shadow&#8220; title=&#8220;Ansprechende Grundrisse&#8220;][\/vc_column][\/vc_row][vc_row css=&#8220;.vc_custom_1507900833039{padding-right: 30px !important;padding-left: 30px !important;}&#8220;][vc_column width=&#8220;1\/2&#8243; css=&#8220;.vc_custom_1507905358607{padding-bottom: 30px !important;}&#8220;][mk_image src=&#8220;https:\/\/www.immozeichner.de\/wp-content\/uploads\/2017\/02\/2D-Ansicht_1-Hamburg_Immozeichner.jpg&#8220; lightbox=&#8220;true&#8220; frame_style=&#8220;border_shadow&#8220; title=&#8220;Hochwertige Ansichten&#8220;][\/vc_column][vc_column width=&#8220;1\/2&#8243;][\/vc_column][\/vc_row][vc_row css=&#8220;.vc_custom_1507905703370{padding-top: 30px !important;}&#8220;][vc_column width=&#8220;1\/3&#8243;][\/vc_column][vc_column width=&#8220;1\/3&#8243;][mk_button dimension=&#8220;flat&#8220; corner_style=&#8220;rounded&#8220; size=&#8220;large&#8220; url=&#8220;https:\/\/www.immozeichner.de\/?page_id=5772&#8243; align=&#8220;center&#8220; margin_bottom=&#8220;0&#8243; margin_right=&#8220;0&#8243; bg_color=&#8220;#95bb20&#8243; btn_hover_bg=&#8220;#bababa&#8220;]MEHR REFERENZEN[\/mk_button][\/vc_column][vc_column width=&#8220;1\/3&#8243;][\/vc_column][\/vc_row][vc_row][vc_column][mk_fancy_title tag_name=&#8220;h3&#8243; color=&#8220;#000000&#8243; size=&#8220;32&#8243; margin_top=&#8220;80&#8243; font_family=&#8220;none&#8220; align=&#8220;center&#8220;]Weitere\u00a0Leistungen im \u00dcberblick[\/mk_fancy_title][mk_fancy_title tag_name=&#8220;h4&#8243; color=&#8220;#000000&#8243; size=&#8220;20&#8243; font_weight=&#8220;300&#8243; font_family=&#8220;none&#8220; align=&#8220;center&#8220;]Entdecken Sie weitere Leistungen aus unserem Portfolio.[\/mk_fancy_title][\/vc_column][\/vc_row][vc_row][vc_column width=&#8220;1\/3&#8243;][mk_flipbox front_background_color=&#8220;#95bb20&#8243; back_background_color=&#8220;#3e494f&#8220; image=&#8220;https:\/\/www.immozeichner.de\/wp-content\/uploads\/2016\/08\/3D-Ansicht_1-Martinsweg-Ammersee_Garten_Immozeichner.jpg&#8220; front_title=&#8220;3D-Visualisierungen&#8220; front_title_color=&#8220;#ffffff&#8220; back_title=&#8220;3D-Visualisierungen&#8220; back_title_color=&#8220;#ffffff&#8220; back_desc=&#8220;Erstklassige 3D-Ansichten, Exterior-Renderings und detaillierte 3D-Grundrisse geh\u00f6ren zu unseren Kernkompetenzen.&#8220; back_desc_size=&#8220;16&#8243; back_desc_color=&#8220;#ffffff&#8220; button_url=&#8220;https:\/\/www.immozeichner.de\/?page_id=6188&#8243; button_text=&#8220;Mehr erfahren&#8220; button_bg_color=&#8220;#95bb22&#8243; button_bg_hover_color=&#8220;#bababa&#8220;][\/vc_column][vc_column width=&#8220;1\/3&#8243;][mk_flipbox front_background_color=&#8220;#95bb20&#8243; back_background_color=&#8220;#3e494f&#8220; image=&#8220;https:\/\/www.immozeichner.de\/wp-content\/uploads\/2014\/09\/IMG_5034_komp.jpg&#8220; front_title=&#8220;Expos\u00e9- und Layout-Gestaltung&#8220; front_title_color=&#8220;#ffffff&#8220; back_title=&#8220;Expos\u00e9- und Layout-Gestaltung&#8220; back_title_color=&#8220;#ffffff&#8220; front_desc_size=&#8220;16&#8243; back_desc=&#8220;Wir unterst\u00fctzen Ihre Vermarktung mit ansprechenden Expos\u00e9s und \u00e4sthetischen Layouts.&#8220; back_desc_size=&#8220;16&#8243; back_desc_color=&#8220;#ffffff&#8220; button_url=&#8220;https:\/\/www.immozeichner.de\/?page_id=6190&#8243; button_text=&#8220;Mehr erfahren&#8220; button_bg_color=&#8220;#95bb22&#8243; button_bg_hover_color=&#8220;#bababa&#8220;][\/vc_column][vc_column width=&#8220;1\/3&#8243;][mk_flipbox front_background_color=&#8220;#95bb20&#8243; back_background_color=&#8220;#3e494f&#8220; image=&#8220;https:\/\/www.immozeichner.de\/wp-content\/uploads\/2014\/09\/IMG_5075_komp.jpg&#8220; front_title=&#8220;Freihand-Zeichnungen&#8220; front_title_color=&#8220;#ffffff&#8220; back_title=&#8220;Freihand-Zeichnungen&#8220; back_title_color=&#8220;#ffffff&#8220; back_desc=&#8220;Mit liebevollen Freihand-Grundst\u00fcckszeichnungen unterstreichen wir den individuellen Charakter Ihrer Immobilie.&#8220; back_desc_size=&#8220;16&#8243; back_desc_color=&#8220;#ffffff&#8220; button_url=&#8220;https:\/\/www.immozeichner.de\/?page_id=6192&#8243; button_text=&#8220;Mehr erfahren&#8220; button_bg_color=&#8220;#95bb22&#8243; button_bg_hover_color=&#8220;#bababa&#8220;][\/vc_column][\/vc_row]\n","protected":false},"excerpt":{"rendered":"<p>[vc_row][vc_column css=&#8220;.vc_custom_1507903164682{padding-right: 90px !important;padding-left: 90px !important;}&#8220;][mk_fancy_title tag_name=&#8220;h3&#8243; color=&#8220;#000000&#8243; size=&#8220;32&#8243; txt_transform=&#8220;none&#8220; margin_top=&#8220;80&#8243; font_family=&#8220;none&#8220; align=&#8220;center&#8220;]\u00dcberzeugen Sie Ihre Kunden mit hochwertigen 2D-Visualisierungen[\/mk_fancy_title][mk_fancy_title tag_name=&#8220;h4&#8243; size=&#8220;20&#8243; font_weight=&#8220;300&#8243; margin_bottom=&#8220;60&#8243; font_family=&#8220;none&#8220; align=&#8220;center&#8220;]Im Bereich der 2D-Visualisierung steht Immozeichner f\u00fcr \u00fcbersichtliche\u00a0Grundrisse und strukturierte Lagepl\u00e4ne sowie f\u00fcr ansprechende\u00a02D-Ansichten.\u00a0Werten Sie Ihr Expos\u00e9 und Ihren Internetauftritt mit hochwertigen 2D-Visualisierungen auf und sprechen Sie uns an![\/mk_fancy_title][\/vc_column][\/vc_row][vc_row css=&#8220;.vc_custom_1507900833039{padding-right: 30px [&hellip;]<\/p>\n","protected":false},"author":1,"featured_media":0,"parent":40,"menu_order":0,"comment_status":"closed","ping_status":"closed","template":"","meta":{"footnotes":""},"class_list":["post-6184","page","type-page","status-publish","hentry"],"_links":{"self":[{"href":"https:\/\/www.immozeichner.de\/index.php?rest_route=\/wp\/v2\/pages\/6184","targetHints":{"allow":["GET"]}}],"collection":[{"href":"https:\/\/www.immozeichner.de\/index.php?rest_route=\/wp\/v2\/pages"}],"about":[{"href":"https:\/\/www.immozeichner.de\/index.php?rest_route=\/wp\/v2\/types\/page"}],"author":[{"embeddable":true,"href":"https:\/\/www.immozeichner.de\/index.php?rest_route=\/wp\/v2\/users\/1"}],"replies":[{"embeddable":true,"href":"https:\/\/www.immozeichner.de\/index.php?rest_route=%2Fwp%2Fv2%2Fcomments&post=6184"}],"version-history":[{"count":50,"href":"https:\/\/www.immozeichner.de\/index.php?rest_route=\/wp\/v2\/pages\/6184\/revisions"}],"predecessor-version":[{"id":6726,"href":"https:\/\/www.immozeichner.de\/index.php?rest_route=\/wp\/v2\/pages\/6184\/revisions\/6726"}],"up":[{"embeddable":true,"href":"https:\/\/www.immozeichner.de\/index.php?rest_route=\/wp\/v2\/pages\/40"}],"wp:attachment":[{"href":"https:\/\/www.immozeichner.de\/index.php?rest_route=%2Fwp%2Fv2%2Fmedia&parent=6184"}],"curies":[{"name":"wp","href":"https:\/\/api.w.org\/{rel}","templated":true}]}}