{"id":6188,"date":"2017-02-04T17:00:52","date_gmt":"2017-02-04T17:00:52","guid":{"rendered":"https:\/\/www.immozeichner.de\/?page_id=6188"},"modified":"2018-05-10T21:06:23","modified_gmt":"2018-05-10T21:06:23","slug":"3d-visualisierung","status":"publish","type":"page","link":"https:\/\/www.immozeichner.de\/?page_id=6188","title":{"rendered":"3D-Visualisierung"},"content":{"rendered":"[vc_row][vc_column][mk_fancy_title tag_name=&#8220;h3&#8243; color=&#8220;#000000&#8243; size=&#8220;32&#8243; txt_transform=&#8220;none&#8220; margin_top=&#8220;80&#8243; font_family=&#8220;none&#8220; align=&#8220;center&#8220;]Setzen Sie Ihr Bauvorhaben mit detailreichen, realistischen Renderings in Szene[\/mk_fancy_title][mk_fancy_title tag_name=&#8220;h4&#8243; size=&#8220;20&#8243; font_weight=&#8220;300&#8243; margin_bottom=&#8220;60&#8243; font_family=&#8220;none&#8220; align=&#8220;center&#8220;]Mit beeindruckend detaillierten\u00a0Architektur-Renderings inszenieren Sie Ihre Immobilie bereits in der Planungsphase emotional bei potenziellen Interessenten. Profitieren Sie von den Vorteilen einer \u00e4sthetischen 3D-Visualisierung &#8211; ganz gleich ob Grundriss, Interior- oder Exterior-Renderings.[\/mk_fancy_title][\/vc_column][\/vc_row][vc_row css=&#8220;.vc_custom_1513531267558{padding-right: 30px !important;padding-left: 30px !important;}&#8220;][vc_column width=&#8220;1\/2&#8243;][mk_image src=&#8220;https:\/\/www.immozeichner.de\/wp-content\/uploads\/2016\/08\/3D-Ansicht_7-Seefeld-Ammersee_Immozeichner.jpg&#8220; lightbox=&#8220;true&#8220; frame_style=&#8220;border_shadow&#8220; title=&#8220;\u00c4sthetisches Exterior-Rendering&#8220;][\/vc_column][vc_column width=&#8220;1\/2&#8243; css=&#8220;.vc_custom_1513531299094{padding-bottom: 30px !important;}&#8220;][mk_image src=&#8220;https:\/\/www.immozeichner.de\/wp-content\/uploads\/2017\/02\/3D-Innenansicht_5-Immozeichner.jpg&#8220; lightbox=&#8220;true&#8220; frame_style=&#8220;border_shadow&#8220; title=&#8220;Fotorealistisches Interior-Rendering&#8220;][\/vc_column][\/vc_row][vc_row css=&#8220;.vc_custom_1513531267558{padding-right: 30px !important;padding-left: 30px !important;}&#8220;][vc_column width=&#8220;1\/2&#8243;][mk_image src=&#8220;https:\/\/www.immozeichner.de\/wp-content\/uploads\/2017\/02\/3D-Grundriss_9-Praxis-in-St.Gallen-Schweiz_Immozeichner.jpg&#8220; lightbox=&#8220;true&#8220; frame_style=&#8220;border_shadow&#8220; title=&#8220;Stilvoller 3D-Grundriss&#8220;][\/vc_column][vc_column width=&#8220;1\/2&#8243; css=&#8220;.vc_custom_1513531299094{padding-bottom: 30px !important;}&#8220;][mk_image src=&#8220;https:\/\/www.immozeichner.de\/wp-content\/uploads\/2016\/08\/3D-Ansicht_9-Hamburg_Immozeichner.jpg&#8220; lightbox=&#8220;true&#8220; frame_style=&#8220;border_shadow&#8220; title=&#8220;Detailreiches Exterior-Rendering&#8220;][\/vc_column][\/vc_row][vc_row css=&#8220;.vc_custom_1513531267558{padding-right: 30px !important;padding-left: 30px !important;}&#8220;][vc_column width=&#8220;1\/2&#8243;][mk_image src=&#8220;https:\/\/www.immozeichner.de\/wp-content\/uploads\/2018\/02\/3D-Ansicht_11-Knorr-Bremse_Immozeichner-Kopie.jpg&#8220; lightbox=&#8220;true&#8220; frame_style=&#8220;border_shadow&#8220; title=&#8220;Detaillierte 3D-Ansicht&#8220;][\/vc_column][vc_column width=&#8220;1\/2&#8243; css=&#8220;.vc_custom_1513531299094{padding-bottom: 30px !important;}&#8220;][mk_image src=&#8220;https:\/\/www.immozeichner.de\/wp-content\/uploads\/2018\/02\/3D-Ansicht_12-Knorr-Bremse.Immozeichner-Kopie.jpg&#8220; lightbox=&#8220;true&#8220; frame_style=&#8220;border_shadow&#8220; title=&#8220;Realistische 3D-Ansicht&#8220;][\/vc_column][\/vc_row][vc_row css=&#8220;.vc_custom_1513533793271{padding-top: 30px !important;}&#8220;][vc_column width=&#8220;1\/3&#8243;][\/vc_column][vc_column width=&#8220;1\/3&#8243;][mk_button dimension=&#8220;flat&#8220; corner_style=&#8220;rounded&#8220; size=&#8220;large&#8220; url=&#8220;https:\/\/www.immozeichner.de\/?page_id=5772&#8243; align=&#8220;center&#8220; margin_bottom=&#8220;0&#8243; margin_right=&#8220;0&#8243; bg_color=&#8220;#95bb20&#8243; btn_hover_bg=&#8220;#bababa&#8220;]MEHR REFERENZEN[\/mk_button][\/vc_column][vc_column width=&#8220;1\/3&#8243;][\/vc_column][\/vc_row][vc_row][vc_column][mk_fancy_title tag_name=&#8220;h3&#8243; color=&#8220;#000000&#8243; size=&#8220;32&#8243; margin_top=&#8220;80&#8243; font_family=&#8220;none&#8220; align=&#8220;center&#8220;]Weitere Leistungen im \u00dcberblick[\/mk_fancy_title][mk_fancy_title tag_name=&#8220;h4&#8243; color=&#8220;#000000&#8243; size=&#8220;20&#8243; font_weight=&#8220;300&#8243; font_family=&#8220;none&#8220; align=&#8220;center&#8220;]Lernen\u00a0Sie weitere Leistungen aus unserem Angebot\u00a0kennen.[\/mk_fancy_title][\/vc_column][\/vc_row][vc_row][vc_column width=&#8220;1\/3&#8243;][mk_flipbox front_background_color=&#8220;#95bb20&#8243; back_background_color=&#8220;#3e494f&#8220; image=&#8220;https:\/\/www.immozeichner.de\/wp-content\/uploads\/2014\/09\/IMG_5133_komp.jpg&#8220; front_title=&#8220;2D-Visualisierungen&#8220; front_title_color=&#8220;#ffffff&#8220; back_title=&#8220;2D-Visualisierungen&#8220; back_title_color=&#8220;#ffffff&#8220; back_desc=&#8220;Wir gestalten hochwertige 2D-Grundrisse und 2D-Ansichten f\u00fcr Ihr Expos\u00e9 oder Ihren Internetauftritt.&#8220; back_desc_size=&#8220;16&#8243; back_desc_color=&#8220;#ffffff&#8220; button_url=&#8220;https:\/\/www.immozeichner.de\/?page_id=6184&#8243; button_text=&#8220;Mehr erfahren&#8220; button_bg_color=&#8220;#95bb22&#8243; button_bg_hover_color=&#8220;#bababa&#8220;][\/vc_column][vc_column width=&#8220;1\/3&#8243;][mk_flipbox front_background_color=&#8220;#95bb20&#8243; back_background_color=&#8220;#3e494f&#8220; image=&#8220;https:\/\/www.immozeichner.de\/wp-content\/uploads\/2014\/09\/IMG_5034_komp.jpg&#8220; front_title=&#8220;Expos\u00e9- und Layout-Gestaltung&#8220; front_title_color=&#8220;#ffffff&#8220; back_title=&#8220;Expos\u00e9- und Layout-Gestaltung&#8220; back_title_color=&#8220;#ffffff&#8220; back_desc=&#8220;Wir unterst\u00fctzen Ihre Vermarktung mit ansprechenden Expos\u00e9s und \u00e4sthetischen Layouts.&#8220; back_desc_size=&#8220;16&#8243; back_desc_color=&#8220;#ffffff&#8220; button_url=&#8220;https:\/\/www.immozeichner.de\/?page_id=6190&#8243; button_text=&#8220;Mehr erfahren&#8220; button_bg_color=&#8220;#95bb22&#8243; button_bg_hover_color=&#8220;#bababa&#8220;][\/vc_column][vc_column width=&#8220;1\/3&#8243;][mk_flipbox front_background_color=&#8220;#95bb20&#8243; back_background_color=&#8220;#3e494f&#8220; image=&#8220;https:\/\/www.immozeichner.de\/wp-content\/uploads\/2014\/09\/IMG_5071_komp.jpg&#8220; front_title=&#8220;Freihand-Zeichnungen&#8220; front_title_color=&#8220;#ffffff&#8220; back_title=&#8220;Freihand-Zeichnungen&#8220; back_title_color=&#8220;#ffffff&#8220; back_desc=&#8220;Mit liebevollen Freihand-Grundst\u00fcckszeichnungen unterstreichen wir den individuellen Charakter Ihrer Immobilie.&#8220; back_desc_size=&#8220;16&#8243; back_desc_color=&#8220;#ffffff&#8220; button_url=&#8220;https:\/\/www.immozeichner.de\/?page_id=6192&#8243; button_text=&#8220;Mehr erfahren&#8220; button_bg_color=&#8220;#95bb22&#8243; button_bg_hover_color=&#8220;#bababa&#8220;][\/vc_column][\/vc_row]\n","protected":false},"excerpt":{"rendered":"<p>[vc_row][vc_column][mk_fancy_title tag_name=&#8220;h3&#8243; color=&#8220;#000000&#8243; size=&#8220;32&#8243; txt_transform=&#8220;none&#8220; margin_top=&#8220;80&#8243; font_family=&#8220;none&#8220; align=&#8220;center&#8220;]Setzen Sie Ihr Bauvorhaben mit detailreichen, realistischen Renderings in Szene[\/mk_fancy_title][mk_fancy_title tag_name=&#8220;h4&#8243; size=&#8220;20&#8243; font_weight=&#8220;300&#8243; margin_bottom=&#8220;60&#8243; font_family=&#8220;none&#8220; align=&#8220;center&#8220;]Mit beeindruckend detaillierten\u00a0Architektur-Renderings inszenieren Sie Ihre Immobilie bereits in der Planungsphase emotional bei potenziellen Interessenten. Profitieren Sie von den Vorteilen einer \u00e4sthetischen 3D-Visualisierung &#8211; ganz gleich ob Grundriss, Interior- oder Exterior-Renderings.[\/mk_fancy_title][\/vc_column][\/vc_row][vc_row css=&#8220;.vc_custom_1513531267558{padding-right: 30px [&hellip;]<\/p>\n","protected":false},"author":1,"featured_media":0,"parent":40,"menu_order":0,"comment_status":"closed","ping_status":"closed","template":"","meta":{"footnotes":""},"class_list":["post-6188","page","type-page","status-publish","hentry"],"_links":{"self":[{"href":"https:\/\/www.immozeichner.de\/index.php?rest_route=\/wp\/v2\/pages\/6188","targetHints":{"allow":["GET"]}}],"collection":[{"href":"https:\/\/www.immozeichner.de\/index.php?rest_route=\/wp\/v2\/pages"}],"about":[{"href":"https:\/\/www.immozeichner.de\/index.php?rest_route=\/wp\/v2\/types\/page"}],"author":[{"embeddable":true,"href":"https:\/\/www.immozeichner.de\/index.php?rest_route=\/wp\/v2\/users\/1"}],"replies":[{"embeddable":true,"href":"https:\/\/www.immozeichner.de\/index.php?rest_route=%2Fwp%2Fv2%2Fcomments&post=6188"}],"version-history":[{"count":9,"href":"https:\/\/www.immozeichner.de\/index.php?rest_route=\/wp\/v2\/pages\/6188\/revisions"}],"predecessor-version":[{"id":6906,"href":"https:\/\/www.immozeichner.de\/index.php?rest_route=\/wp\/v2\/pages\/6188\/revisions\/6906"}],"up":[{"embeddable":true,"href":"https:\/\/www.immozeichner.de\/index.php?rest_route=\/wp\/v2\/pages\/40"}],"wp:attachment":[{"href":"https:\/\/www.immozeichner.de\/index.php?rest_route=%2Fwp%2Fv2%2Fmedia&parent=6188"}],"curies":[{"name":"wp","href":"https:\/\/api.w.org\/{rel}","templated":true}]}}