{"id":6190,"date":"2017-02-04T17:01:37","date_gmt":"2017-02-04T17:01:37","guid":{"rendered":"https:\/\/www.immozeichner.de\/?page_id=6190"},"modified":"2018-06-29T15:07:48","modified_gmt":"2018-06-29T15:07:48","slug":"expose-gestaltung","status":"publish","type":"page","link":"https:\/\/www.immozeichner.de\/?page_id=6190","title":{"rendered":"Expos\u00e9-Gestaltung"},"content":{"rendered":"[vc_row][vc_column][mk_fancy_title tag_name=&#8220;h3&#8243; color=&#8220;#000000&#8243; size=&#8220;32&#8243; txt_transform=&#8220;none&#8220; margin_top=&#8220;80&#8243; font_family=&#8220;none&#8220; align=&#8220;center&#8220;]\u00dcberzeugen Sie Ihre Kunden mit attraktiven Expos\u00e9s[\/mk_fancy_title][mk_fancy_title tag_name=&#8220;h4&#8243; size=&#8220;20&#8243; font_weight=&#8220;300&#8243; margin_bottom=&#8220;60&#8243; font_family=&#8220;none&#8220; align=&#8220;center&#8220;]Hochwertige, stilvolle\u00a0Expos\u00e9s sind die Grundlage f\u00fcr eine effektive\u00a0Vermarktung Ihrer Immobilie. Neben der sachlichen Darstellung aller relevanten Informationen geht es gleichzeitig darum, Interessenten mit \u00fcbersichtlichen Grundrissen und \u00e4sthetischen Architektur-Visualisierungen zu begeistern und so f\u00fcr das Objekt zu gewinnen.[\/mk_fancy_title][\/vc_column][\/vc_row][vc_row css=&#8220;.vc_custom_1513536526195{padding-right: 30px !important;padding-left: 30px !important;}&#8220;][vc_column width=&#8220;1\/2&#8243;][mk_image src=&#8220;https:\/\/www.immozeichner.de\/wp-content\/uploads\/2014\/09\/IMG_5034_komp.jpg&#8220; lightbox=&#8220;true&#8220; frame_style=&#8220;border_shadow&#8220; title=&#8220;Vermarktungs-Expos\u00e9 (Visualisierungen von immozeichner.de)&#8220;][\/vc_column][vc_column width=&#8220;1\/2&#8243; css=&#8220;.vc_custom_1513536539098{padding-bottom: 30px !important;}&#8220;][mk_image src=&#8220;https:\/\/www.immozeichner.de\/wp-content\/uploads\/2017\/02\/immozeichner-villa-son-can.png&#8220; lightbox=&#8220;true&#8220; frame_style=&#8220;border_shadow&#8220; title=&#8220;Vermarktungs-Expos\u00e9&#8220;][\/vc_column][\/vc_row][vc_row css=&#8220;.vc_custom_1513536679295{padding-top: 30px !important;}&#8220;][vc_column width=&#8220;1\/3&#8243;][\/vc_column][vc_column width=&#8220;1\/3&#8243;][mk_button dimension=&#8220;flat&#8220; corner_style=&#8220;rounded&#8220; size=&#8220;large&#8220; url=&#8220;https:\/\/www.immozeichner.de\/?page_id=5772&#8243; align=&#8220;center&#8220; margin_right=&#8220;0&#8243; btn_hover_bg=&#8220;#bababa&#8220;]MEHR REFERENZEN[\/mk_button][\/vc_column][vc_column width=&#8220;1\/3&#8243;][\/vc_column][\/vc_row][vc_row][vc_column][mk_fancy_title tag_name=&#8220;h3&#8243; color=&#8220;#000000&#8243; size=&#8220;32&#8243; margin_top=&#8220;80&#8243; font_family=&#8220;none&#8220; align=&#8220;center&#8220;]Weitere Leistungen im \u00dcberblick[\/mk_fancy_title][mk_fancy_title tag_name=&#8220;h4&#8243; color=&#8220;#000000&#8243; size=&#8220;20&#8243; font_weight=&#8220;300&#8243; font_family=&#8220;none&#8220; align=&#8220;center&#8220;]Lernen\u00a0Sie unser Leistungsportfolio kennen.[\/mk_fancy_title][\/vc_column][\/vc_row][vc_row][vc_column width=&#8220;1\/3&#8243;][mk_flipbox front_background_color=&#8220;#95bb20&#8243; back_background_color=&#8220;#3e494f&#8220; image=&#8220;https:\/\/www.immozeichner.de\/wp-content\/uploads\/2014\/09\/IMG_5133_komp.jpg&#8220; front_title=&#8220;2D-Visualisierungen&#8220; front_title_color=&#8220;#ffffff&#8220; back_title=&#8220;2D-Visualisierungen&#8220; back_title_color=&#8220;#ffffff&#8220; back_desc=&#8220;Wir gestalten hochwertige 2D-Grundrisse und 2D-Ansichten f\u00fcr Ihr Expos\u00e9 oder Ihren Internetauftritt.&#8220; back_desc_size=&#8220;16&#8243; back_desc_color=&#8220;#ffffff&#8220; button_url=&#8220;https:\/\/www.immozeichner.de\/?page_id=6184&#8243; button_text=&#8220;Mehr erfahren&#8220; button_bg_color=&#8220;#95bb22&#8243; button_bg_hover_color=&#8220;#bababa&#8220;][\/vc_column][vc_column width=&#8220;1\/3&#8243;][mk_flipbox front_background_color=&#8220;#95bb20&#8243; back_background_color=&#8220;#3e494f&#8220; image=&#8220;https:\/\/www.immozeichner.de\/wp-content\/uploads\/2016\/08\/3D-Ansicht_1-Martinsweg-Ammersee_Garten_Immozeichner.jpg&#8220; front_title=&#8220;3D-Visualisierungen&#8220; front_title_color=&#8220;#ffffff&#8220; back_title=&#8220;3D-Visualisierungen&#8220; back_title_color=&#8220;#ffffff&#8220; back_desc=&#8220;Erstklassige 3D-Ansichten, Exterior-Renderings und detaillierte 3D-Grundrisse geh\u00f6ren zu unseren Kernkompetenzen.&#8220; back_desc_size=&#8220;16&#8243; back_desc_color=&#8220;#ffffff&#8220; button_url=&#8220;https:\/\/www.immozeichner.de\/?page_id=6188&#8243; button_text=&#8220;Mehr erfahren&#8220; button_bg_color=&#8220;#95bb22&#8243; button_bg_hover_color=&#8220;#bababa&#8220;][\/vc_column][vc_column width=&#8220;1\/3&#8243;][mk_flipbox front_background_color=&#8220;#95bb20&#8243; back_background_color=&#8220;#3e494f&#8220; image=&#8220;https:\/\/www.immozeichner.de\/wp-content\/uploads\/2014\/09\/IMG_5075_komp.jpg&#8220; front_title=&#8220;Freihand-Zeichnungen&#8220; front_title_color=&#8220;#ffffff&#8220; back_title=&#8220;Freihand-Zeichnungen&#8220; back_title_color=&#8220;#ffffff&#8220; back_desc=&#8220;Mit liebevollen Freihand-Grundst\u00fcckszeichnungen unterstreichen wir den individuellen Charakter Ihrer Immobilie.&#8220; back_desc_size=&#8220;16&#8243; back_desc_color=&#8220;#ffffff&#8220; button_url=&#8220;https:\/\/www.immozeichner.de\/?page_id=6192&#8243; button_text=&#8220;Mehr erfahren&#8220; button_bg_color=&#8220;#95bb22&#8243; button_bg_hover_color=&#8220;#bababa&#8220;][\/vc_column][\/vc_row]\n","protected":false},"excerpt":{"rendered":"<p>[vc_row][vc_column][mk_fancy_title tag_name=&#8220;h3&#8243; color=&#8220;#000000&#8243; size=&#8220;32&#8243; txt_transform=&#8220;none&#8220; margin_top=&#8220;80&#8243; font_family=&#8220;none&#8220; align=&#8220;center&#8220;]\u00dcberzeugen Sie Ihre Kunden mit attraktiven Expos\u00e9s[\/mk_fancy_title][mk_fancy_title tag_name=&#8220;h4&#8243; size=&#8220;20&#8243; font_weight=&#8220;300&#8243; margin_bottom=&#8220;60&#8243; font_family=&#8220;none&#8220; align=&#8220;center&#8220;]Hochwertige, stilvolle\u00a0Expos\u00e9s sind die Grundlage f\u00fcr eine effektive\u00a0Vermarktung Ihrer Immobilie. Neben der sachlichen Darstellung aller relevanten Informationen geht es gleichzeitig darum, Interessenten mit \u00fcbersichtlichen Grundrissen und \u00e4sthetischen Architektur-Visualisierungen zu begeistern und so f\u00fcr das Objekt zu [&hellip;]<\/p>\n","protected":false},"author":1,"featured_media":0,"parent":40,"menu_order":0,"comment_status":"closed","ping_status":"closed","template":"","meta":{"footnotes":""},"class_list":["post-6190","page","type-page","status-publish","hentry"],"_links":{"self":[{"href":"https:\/\/www.immozeichner.de\/index.php?rest_route=\/wp\/v2\/pages\/6190","targetHints":{"allow":["GET"]}}],"collection":[{"href":"https:\/\/www.immozeichner.de\/index.php?rest_route=\/wp\/v2\/pages"}],"about":[{"href":"https:\/\/www.immozeichner.de\/index.php?rest_route=\/wp\/v2\/types\/page"}],"author":[{"embeddable":true,"href":"https:\/\/www.immozeichner.de\/index.php?rest_route=\/wp\/v2\/users\/1"}],"replies":[{"embeddable":true,"href":"https:\/\/www.immozeichner.de\/index.php?rest_route=%2Fwp%2Fv2%2Fcomments&post=6190"}],"version-history":[{"count":6,"href":"https:\/\/www.immozeichner.de\/index.php?rest_route=\/wp\/v2\/pages\/6190\/revisions"}],"predecessor-version":[{"id":6932,"href":"https:\/\/www.immozeichner.de\/index.php?rest_route=\/wp\/v2\/pages\/6190\/revisions\/6932"}],"up":[{"embeddable":true,"href":"https:\/\/www.immozeichner.de\/index.php?rest_route=\/wp\/v2\/pages\/40"}],"wp:attachment":[{"href":"https:\/\/www.immozeichner.de\/index.php?rest_route=%2Fwp%2Fv2%2Fmedia&parent=6190"}],"curies":[{"name":"wp","href":"https:\/\/api.w.org\/{rel}","templated":true}]}}