{"id":6192,"date":"2017-02-04T17:02:20","date_gmt":"2017-02-04T17:02:20","guid":{"rendered":"https:\/\/www.immozeichner.de\/?page_id=6192"},"modified":"2018-03-14T21:27:26","modified_gmt":"2018-03-14T21:27:26","slug":"freihand-zeichnungen","status":"publish","type":"page","link":"https:\/\/www.immozeichner.de\/?page_id=6192","title":{"rendered":"Freihand-Zeichnungen"},"content":{"rendered":"[vc_row][vc_column][mk_fancy_title tag_name=&#8220;h3&#8243; color=&#8220;#000000&#8243; size=&#8220;32&#8243; txt_transform=&#8220;none&#8220; margin_top=&#8220;80&#8243; font_family=&#8220;none&#8220; align=&#8220;center&#8220;]Verleihen Sie Ihrer Immobilie zus\u00e4tzlichen Charme mit Freihand-Illustrationen[\/mk_fancy_title][mk_fancy_title tag_name=&#8220;h4&#8243; size=&#8220;20&#8243; font_weight=&#8220;300&#8243; margin_bottom=&#8220;60&#8243; font_family=&#8220;none&#8220; align=&#8220;center&#8220;]Mit Grundrissen, Lagepl\u00e4nen und kompletten Architektur-Visualisierungen, die als stilvolle Freihand-Skizze umgesetzt sind,\u00a0verleihen\u00a0Sie Ihrem\u00a0Expos\u00e9 nicht nur\u00a0eine individuelle Note\u00a0sondern regen die Vorstellungskraft Ihrer Interessenten auf kreative Art und Weise zus\u00e4tzlich an.[\/mk_fancy_title][\/vc_column][\/vc_row][vc_row css=&#8220;.vc_custom_1513525022737{padding-right: 30px !important;padding-left: 30px !important;}&#8220;][vc_column width=&#8220;1\/2&#8243;][mk_image src=&#8220;https:\/\/www.immozeichner.de\/wp-content\/uploads\/2017\/02\/Freehand-Aussenansicht-1.jpg&#8220; lightbox=&#8220;true&#8220; frame_style=&#8220;border_shadow&#8220; title=&#8220;Stilvolle Freihand-Illustration&#8220;][\/vc_column][vc_column width=&#8220;1\/2&#8243; css=&#8220;.vc_custom_1513529367598{padding-bottom: 30px !important;}&#8220;][mk_image src=&#8220;https:\/\/www.immozeichner.de\/wp-content\/uploads\/2017\/02\/freehand2_gr.gif&#8220; lightbox=&#8220;true&#8220; frame_style=&#8220;border_shadow&#8220; title=&#8220;Illustrierter Lageplan&#8220;][\/vc_column][\/vc_row][vc_row css=&#8220;.vc_custom_1513524905644{padding-top: 30px !important;}&#8220;][vc_column width=&#8220;1\/3&#8243;][\/vc_column][vc_column width=&#8220;1\/3&#8243;][mk_button dimension=&#8220;flat&#8220; corner_style=&#8220;rounded&#8220; size=&#8220;large&#8220; url=&#8220;https:\/\/www.immozeichner.de\/?page_id=5772&#8243; align=&#8220;center&#8220; margin_bottom=&#8220;0&#8243; margin_right=&#8220;0&#8243; bg_color=&#8220;#95bb20&#8243; btn_hover_bg=&#8220;#bababa&#8220;]MEHR REFERENZEN[\/mk_button][\/vc_column][vc_column width=&#8220;1\/3&#8243;][\/vc_column][\/vc_row][vc_row][vc_column][mk_fancy_title tag_name=&#8220;h3&#8243; color=&#8220;#000000&#8243; size=&#8220;32&#8243; margin_top=&#8220;80&#8243; font_family=&#8220;none&#8220; align=&#8220;center&#8220;]Weitere Leistungen im \u00dcberblick[\/mk_fancy_title][mk_fancy_title tag_name=&#8220;h4&#8243; color=&#8220;#000000&#8243; size=&#8220;20&#8243; font_weight=&#8220;300&#8243; font_family=&#8220;none&#8220; align=&#8220;center&#8220;]Entdecken Sie weitere Leistungen aus unserem Portfolio.[\/mk_fancy_title][\/vc_column][\/vc_row][vc_row][vc_column width=&#8220;1\/3&#8243;][mk_flipbox front_background_color=&#8220;#95bb20&#8243; back_background_color=&#8220;#3e494f&#8220; image=&#8220;https:\/\/www.immozeichner.de\/wp-content\/uploads\/2014\/09\/IMG_5133_komp.jpg&#8220; front_title=&#8220;2D-Visualisierungen&#8220; front_title_color=&#8220;#ffffff&#8220; back_title=&#8220;2D-Visualisierungen&#8220; back_title_color=&#8220;#ffffff&#8220; back_desc=&#8220;Wir gestalten hochwertige 2D-Grundrisse und 2D-Ansichten f\u00fcr Ihr Expos\u00e9 oder Ihren Internetauftritt.&#8220; back_desc_size=&#8220;16&#8243; back_desc_color=&#8220;#ffffff&#8220; button_url=&#8220;https:\/\/www.immozeichner.de\/?page_id=6184&#8243; button_text=&#8220;Mehr erfahren&#8220; button_bg_color=&#8220;#95bb22&#8243; button_bg_hover_color=&#8220;#bababa&#8220;][\/vc_column][vc_column width=&#8220;1\/3&#8243;][mk_flipbox front_background_color=&#8220;#95bb20&#8243; back_background_color=&#8220;#3e494f&#8220; image=&#8220;https:\/\/www.immozeichner.de\/wp-content\/uploads\/2016\/08\/3D-Ansicht_1-Martinsweg-Ammersee_Garten_Immozeichner.jpg&#8220; front_title=&#8220;3D-Visualisierungen&#8220; front_title_color=&#8220;#ffffff&#8220; back_title=&#8220;3D-Visualisierungen&#8220; back_title_color=&#8220;#ffffff&#8220; back_desc=&#8220;Erstklassige 3D-Ansichten, Exterior-Renderings und detaillierte 3D-Grundrisse geh\u00f6ren zu unseren Kernkompetenzen.&#8220; back_desc_size=&#8220;16&#8243; back_desc_color=&#8220;#ffffff&#8220; button_url=&#8220;https:\/\/www.immozeichner.de\/?page_id=6188&#8243; button_text=&#8220;Mehr erfahren&#8220; button_bg_color=&#8220;#95bb22&#8243; button_bg_hover_color=&#8220;#bababa&#8220;][\/vc_column][vc_column width=&#8220;1\/3&#8243;][mk_flipbox front_background_color=&#8220;#95bb20&#8243; back_background_color=&#8220;#3e494f&#8220; image=&#8220;https:\/\/www.immozeichner.de\/wp-content\/uploads\/2014\/09\/IMG_5034_komp.jpg&#8220; front_title=&#8220;Expos\u00e9- und Layout-Gestaltung&#8220; front_title_color=&#8220;#ffffff&#8220; back_title=&#8220;Expos\u00e9- und Layout-Gestaltung&#8220; back_title_color=&#8220;#ffffff&#8220; front_desc_color=&#8220;#ffffff&#8220; back_desc=&#8220;Wir unterst\u00fctzen Ihre Vermarktung mit ansprechenden Expos\u00e9s und \u00e4sthetischen Layouts.&#8220; back_desc_size=&#8220;16&#8243; back_desc_color=&#8220;#ffffff&#8220; button_url=&#8220;https:\/\/www.immozeichner.de\/?page_id=6190&#8243; button_text=&#8220;Mehr erfahren&#8220; button_bg_color=&#8220;#95bb22&#8243; button_bg_hover_color=&#8220;#bababa&#8220;][\/vc_column][\/vc_row]\n","protected":false},"excerpt":{"rendered":"<p>[vc_row][vc_column][mk_fancy_title tag_name=&#8220;h3&#8243; color=&#8220;#000000&#8243; size=&#8220;32&#8243; txt_transform=&#8220;none&#8220; margin_top=&#8220;80&#8243; font_family=&#8220;none&#8220; align=&#8220;center&#8220;]Verleihen Sie Ihrer Immobilie zus\u00e4tzlichen Charme mit Freihand-Illustrationen[\/mk_fancy_title][mk_fancy_title tag_name=&#8220;h4&#8243; size=&#8220;20&#8243; font_weight=&#8220;300&#8243; margin_bottom=&#8220;60&#8243; font_family=&#8220;none&#8220; align=&#8220;center&#8220;]Mit Grundrissen, Lagepl\u00e4nen und kompletten Architektur-Visualisierungen, die als stilvolle Freihand-Skizze umgesetzt sind,\u00a0verleihen\u00a0Sie Ihrem\u00a0Expos\u00e9 nicht nur\u00a0eine individuelle Note\u00a0sondern regen die Vorstellungskraft Ihrer Interessenten auf kreative Art und Weise zus\u00e4tzlich an.[\/mk_fancy_title][\/vc_column][\/vc_row][vc_row css=&#8220;.vc_custom_1513525022737{padding-right: 30px !important;padding-left: 30px !important;}&#8220;][vc_column width=&#8220;1\/2&#8243;][mk_image [&hellip;]<\/p>\n","protected":false},"author":1,"featured_media":0,"parent":40,"menu_order":0,"comment_status":"closed","ping_status":"closed","template":"","meta":{"footnotes":""},"class_list":["post-6192","page","type-page","status-publish","hentry"],"_links":{"self":[{"href":"https:\/\/www.immozeichner.de\/index.php?rest_route=\/wp\/v2\/pages\/6192","targetHints":{"allow":["GET"]}}],"collection":[{"href":"https:\/\/www.immozeichner.de\/index.php?rest_route=\/wp\/v2\/pages"}],"about":[{"href":"https:\/\/www.immozeichner.de\/index.php?rest_route=\/wp\/v2\/types\/page"}],"author":[{"embeddable":true,"href":"https:\/\/www.immozeichner.de\/index.php?rest_route=\/wp\/v2\/users\/1"}],"replies":[{"embeddable":true,"href":"https:\/\/www.immozeichner.de\/index.php?rest_route=%2Fwp%2Fv2%2Fcomments&post=6192"}],"version-history":[{"count":21,"href":"https:\/\/www.immozeichner.de\/index.php?rest_route=\/wp\/v2\/pages\/6192\/revisions"}],"predecessor-version":[{"id":6729,"href":"https:\/\/www.immozeichner.de\/index.php?rest_route=\/wp\/v2\/pages\/6192\/revisions\/6729"}],"up":[{"embeddable":true,"href":"https:\/\/www.immozeichner.de\/index.php?rest_route=\/wp\/v2\/pages\/40"}],"wp:attachment":[{"href":"https:\/\/www.immozeichner.de\/index.php?rest_route=%2Fwp%2Fv2%2Fmedia&parent=6192"}],"curies":[{"name":"wp","href":"https:\/\/api.w.org\/{rel}","templated":true}]}}