{"id":6692,"date":"2018-02-27T23:49:00","date_gmt":"2018-02-27T23:49:00","guid":{"rendered":"https:\/\/www.immozeichner.de\/?page_id=6692"},"modified":"2018-05-25T15:47:04","modified_gmt":"2018-05-25T15:47:04","slug":"impressum","status":"publish","type":"page","link":"https:\/\/www.immozeichner.de\/?page_id=6692","title":{"rendered":"Impressum"},"content":{"rendered":"[vc_row][vc_column][mk_fancy_title tag_name=&#8220;h3&#8243; color=&#8220;#000000&#8243; size=&#8220;32&#8243; txt_transform=&#8220;none&#8220; margin_top=&#8220;80&#8243; font_family=&#8220;none&#8220;]\n<p style=\"text-align: left;\">Impressum<\/p>\n[\/mk_fancy_title][mk_fancy_title tag_name=&#8220;h4&#8243; size=&#8220;20&#8243; font_weight=&#8220;300&#8243; font_family=&#8220;none&#8220;]\n<p style=\"text-align: left;\">Inhaber der Domain www.immozeichner.de sowie Verantwortlicher nach \u00a7 6 MDStV und \u00a7 8 TDG:<\/p>\n[\/mk_fancy_title][mk_fancy_title tag_name=&#8220;h4&#8243; size=&#8220;20&#8243; font_weight=&#8220;300&#8243; font_family=&#8220;none&#8220;]\n<p style=\"text-align: left;\">Inci Rosshirt<br \/>\nArchitektin<br \/>\nTintoretto Stra\u00dfe 13<br \/>\n80638 M\u00fcnchen<br \/>\nTel: \u00a0 089 \/ 17 11 94 57<br \/>\nFax: \u00a0089 \/ 17 11 93 87<br \/>\nMobil: 0176 49 44 29 16<br \/>\ninfo(at)immozeichner.de<\/p>\n<h2>Berufsbezeichnung und berufsrechtliche Regelungen<\/h2>\n<p>Berufsbezeichnung: Architekten<br \/>\nZust\u00e4ndige Kammer: bayerische Architektenkammer<br \/>\nVerliehen durch: Bayern<br \/>\nEs gelten folgende berufsrechtliche Regelungen: berufsrechtlichen Regelungen des Deutschen Architektengesetzes<br \/>\nRegelungen einsehbar unter: <a href=\"https:\/\/www.bundesarchitektenkammer.de\" target=\"_blank\">https:\/\/www.bundesarchitektenkammer.de<\/a><\/p>\n<h2>Streitschlichtung<\/h2>\n<p>Die Europ\u00e4ische Kommission stellt eine Plattform zur Online-Streitbeilegung (OS) bereit: <a href=\"https:\/\/ec.europa.eu\/consumers\/odr\" target=\"_blank\">https:\/\/ec.europa.eu\/consumers\/odr<\/a>.<br \/>\nUnsere E-Mail-Adresse finden Sie oben im Impressum.<\/p>\n<p>Wir sind nicht bereit oder verpflichtet, an Streitbeilegungsverfahren vor einer Verbraucherschlichtungsstelle teilzunehmen.<\/p>\n[\/mk_fancy_title][mk_fancy_title tag_name=&#8220;h4&#8243; size=&#8220;20&#8243; font_weight=&#8220;300&#8243; font_family=&#8220;none&#8220;]\n<p style=\"text-align: left;\">Die Inhalte dieser Website sind urheberrechtlich gesch\u00fctzt. Jede Vervielf\u00e4ltigung, Vorf\u00fchrung, Sendung, Vermietung und\/oder Leihe der Website oder einzelner Inhalte ist ohne Einwilligung von Immozeichner untersagt und zieht straf- oder zivilrechtliche Folgen nach sich. Alle Rechte bleiben vorbehalten. Immozeichner beh\u00e4lt sich das Recht vor, jederzeit und ohne vorherige Ank\u00fcndigung Verbesserungen und \u00c4nderungen an der Website oder einzelner Inhalte vorzunehmen.<\/p>\n[\/mk_fancy_title][mk_fancy_title tag_name=&#8220;h3&#8243; color=&#8220;#000000&#8243; size=&#8220;32&#8243; txt_transform=&#8220;none&#8220; margin_top=&#8220;80&#8243; font_family=&#8220;none&#8220;]Haftungshinweis[\/mk_fancy_title][mk_fancy_title tag_name=&#8220;h4&#8243; size=&#8220;20&#8243; font_weight=&#8220;300&#8243; margin_bottom=&#8220;60&#8243; font_family=&#8220;none&#8220;]\n<p>Als Diensteanbieter sind wir gem\u00e4\u00df \u00a7 7 Abs.1 TMG f\u00fcr eigene Inhalte auf diesen Seiten nach den allgemeinen Gesetzen verantwortlich. Nach \u00a7\u00a7 8 bis 10 TMG sind wir als Diensteanbieter jedoch nicht verpflichtet, \u00fcbermittelte oder gespeicherte fremde Informationen zu \u00fcberwachen oder nach Umst\u00e4nden zu forschen, die auf eine rechtswidrige T\u00e4tigkeit hinweisen.<\/p>\n<p>Verpflichtungen zur Entfernung oder Sperrung der Nutzung von Informationen nach den allgemeinen Gesetzen bleiben hiervon unber\u00fchrt. Eine diesbez\u00fcgliche Haftung ist jedoch erst ab dem Zeitpunkt der Kenntnis einer konkreten Rechtsverletzung m\u00f6glich. Bei Bekanntwerden von entsprechenden Rechtsverletzungen werden wir diese Inhalte umgehend entfernen.<\/p>\n<h3>Haftung f\u00fcr Links<\/h3>\n<p>Unser Angebot enth\u00e4lt Links zu externen Websites Dritter, auf deren Inhalte wir keinen Einfluss haben. Deshalb k\u00f6nnen wir f\u00fcr diese fremden Inhalte auch keine Gew\u00e4hr \u00fcbernehmen. F\u00fcr die Inhalte der verlinkten Seiten ist stets der jeweilige Anbieter oder Betreiber der Seiten verantwortlich. Die verlinkten Seiten wurden zum Zeitpunkt der Verlinkung auf m\u00f6gliche Rechtsverst\u00f6\u00dfe \u00fcberpr\u00fcft. Rechtswidrige Inhalte waren zum Zeitpunkt der Verlinkung nicht erkennbar.<\/p>\n<p>Eine permanente inhaltliche Kontrolle der verlinkten Seiten ist jedoch ohne konkrete Anhaltspunkte einer Rechtsverletzung nicht zumutbar. Bei Bekanntwerden von Rechtsverletzungen werden wir derartige Links umgehend entfernen.<\/p>\n<h3>Urheberrecht<\/h3>\n<p>Die durch die Seitenbetreiber erstellten Inhalte und Werke auf diesen Seiten unterliegen dem deutschen Urheberrecht. Die Vervielf\u00e4ltigung, Bearbeitung, Verbreitung und jede Art der Verwertung au\u00dferhalb der Grenzen des Urheberrechtes bed\u00fcrfen der schriftlichen Zustimmung des jeweiligen Autors bzw. Erstellers. Downloads und Kopien dieser Seite sind nur f\u00fcr den privaten, nicht kommerziellen Gebrauch gestattet.<\/p>\n<p>Soweit die Inhalte auf dieser Seite nicht vom Betreiber erstellt wurden, werden die Urheberrechte Dritter beachtet. Insbesondere werden Inhalte Dritter als solche gekennzeichnet. Sollten Sie trotzdem auf eine Urheberrechtsverletzung aufmerksam werden, bitten wir um einen entsprechenden Hinweis. Bei Bekanntwerden von Rechtsverletzungen werden wir derartige Inhalte umgehend entfernen.<\/p>\n[\/mk_fancy_title][\/vc_column][\/vc_row]\n","protected":false},"excerpt":{"rendered":"<p>[vc_row][vc_column][mk_fancy_title tag_name=&#8220;h3&#8243; color=&#8220;#000000&#8243; size=&#8220;32&#8243; txt_transform=&#8220;none&#8220; margin_top=&#8220;80&#8243; font_family=&#8220;none&#8220;] Impressum [\/mk_fancy_title][mk_fancy_title tag_name=&#8220;h4&#8243; size=&#8220;20&#8243; font_weight=&#8220;300&#8243; font_family=&#8220;none&#8220;] Inhaber der Domain www.immozeichner.de sowie Verantwortlicher nach \u00a7 6 MDStV und \u00a7 8 TDG: [\/mk_fancy_title][mk_fancy_title tag_name=&#8220;h4&#8243; size=&#8220;20&#8243; font_weight=&#8220;300&#8243; font_family=&#8220;none&#8220;] Inci Rosshirt Architektin Tintoretto Stra\u00dfe 13 80638 M\u00fcnchen Tel: \u00a0 089 \/ 17 11 94 57 Fax: \u00a0089 \/ 17 11 93 87 [&hellip;]<\/p>\n","protected":false},"author":1,"featured_media":0,"parent":0,"menu_order":0,"comment_status":"closed","ping_status":"closed","template":"","meta":{"footnotes":""},"class_list":["post-6692","page","type-page","status-publish","hentry"],"_links":{"self":[{"href":"https:\/\/www.immozeichner.de\/index.php?rest_route=\/wp\/v2\/pages\/6692","targetHints":{"allow":["GET"]}}],"collection":[{"href":"https:\/\/www.immozeichner.de\/index.php?rest_route=\/wp\/v2\/pages"}],"about":[{"href":"https:\/\/www.immozeichner.de\/index.php?rest_route=\/wp\/v2\/types\/page"}],"author":[{"embeddable":true,"href":"https:\/\/www.immozeichner.de\/index.php?rest_route=\/wp\/v2\/users\/1"}],"replies":[{"embeddable":true,"href":"https:\/\/www.immozeichner.de\/index.php?rest_route=%2Fwp%2Fv2%2Fcomments&post=6692"}],"version-history":[{"count":16,"href":"https:\/\/www.immozeichner.de\/index.php?rest_route=\/wp\/v2\/pages\/6692\/revisions"}],"predecessor-version":[{"id":6908,"href":"https:\/\/www.immozeichner.de\/index.php?rest_route=\/wp\/v2\/pages\/6692\/revisions\/6908"}],"wp:attachment":[{"href":"https:\/\/www.immozeichner.de\/index.php?rest_route=%2Fwp%2Fv2%2Fmedia&parent=6692"}],"curies":[{"name":"wp","href":"https:\/\/api.w.org\/{rel}","templated":true}]}}